{"id":14979,"date":"2026-05-05T09:41:08","date_gmt":"2026-05-05T09:41:08","guid":{"rendered":"https:\/\/antika-lipovec.si\/trgovina\/unkategorisiert\/kleine-barocke-kommode\/"},"modified":"2026-05-05T09:41:08","modified_gmt":"2026-05-05T09:41:08","slug":"kleine-barocke-kommode","status":"publish","type":"product","link":"https:\/\/antika-lipovec.si\/de\/trgovina\/antikes\/rrestaurierte-moebel-und-lampen\/kleine-barocke-kommode\/","title":{"rendered":"Kleine barocke Kommode"},"content":{"rendered":"<p>Kleine Barocke Kommode, gefertigt in der zweiten H\u00e4lfte des 18. Jahrhunderts (um 1780). Das M\u00f6bel ist mit Nussbaum furniert und mit Intarsien (Marquetry) in Form von floralen Motiven verziert (auch auf der Deckplatte und den Seiten).<br \/>\nDie Kommode weist eine leicht geschweifte (bombierte) Front auf, die f\u00fcr europ\u00e4ische M\u00f6bel dieser Zeit charakteristisch ist. Diese wellenf\u00f6rmige Linie verleiht dem M\u00f6bel Weichheit und stellt eines der wichtigsten Gestaltungsmerkmale des 18. Jahrhunderts dar. Die Griffe sind aus Messing gefertigt. Die Kommode steht auf schlanken, elegant geschwungenen Beinen (Kabriolbeine), die in eine dezent geschnitzte Zarge \u00fcbergehen. Dieses Element verleiht dem M\u00f6bel Leichtigkeit und Eleganz.<\/p>\n<p>Die Kommode vereint Funktionalit\u00e4t (Stauraum) mit repr\u00e4sentativem Charakter \u2013 solche M\u00f6belst\u00fccke waren im 18. Jahrhundert bedeutende dekorative Elemente von Innenr\u00e4umen und wurden h\u00e4ufig in Salons als Ausdruck von Prestige platziert.<\/p>\n<p>Die Kommode wurde in unserer Werkstatt unter Verwendung traditioneller Techniken restauriert. Die Oberfl\u00e4che ist von Hand mit Schellack (Franz\u00f6sische Politur) poliert, wodurch die Holzstruktur hervorgehoben und ein charakteristischer Hochglanz erzielt wird.<\/p>\n<p>Ma\u00dfe: 66 \u00d7 39,5 \u00d7 76 (H) cm.<\/p>\n","protected":false},"excerpt":{"rendered":"<p>Kleine barocke Kommode<\/p>\n","protected":false},"featured_media":14974,"template":"","meta":{"_et_pb_use_builder":"","_et_pb_old_content":"","_et_gb_content_width":""},"product_brand":[],"product_cat":[416],"product_tag":[448,449],"class_list":{"0":"post-14979","1":"product","2":"type-product","3":"status-publish","4":"has-post-thumbnail","6":"product_cat-rrestaurierte-moebel-und-lampen","7":"product_tag-kleine-kommode-neobarock","8":"product_tag-kleine-kommode-neobarock-de","9":"product_shipping_class-vecji-predmeti-de","11":"first","12":"instock","13":"shipping-taxable","14":"purchasable","15":"product-type-simple"},"_links":{"self":[{"href":"https:\/\/antika-lipovec.si\/de\/wp-json\/wp\/v2\/product\/14979","targetHints":{"allow":["GET"]}}],"collection":[{"href":"https:\/\/antika-lipovec.si\/de\/wp-json\/wp\/v2\/product"}],"about":[{"href":"https:\/\/antika-lipovec.si\/de\/wp-json\/wp\/v2\/types\/product"}],"wp:featuredmedia":[{"embeddable":true,"href":"https:\/\/antika-lipovec.si\/de\/wp-json\/wp\/v2\/media\/14974"}],"wp:attachment":[{"href":"https:\/\/antika-lipovec.si\/de\/wp-json\/wp\/v2\/media?parent=14979"}],"wp:term":[{"taxonomy":"product_brand","embeddable":true,"href":"https:\/\/antika-lipovec.si\/de\/wp-json\/wp\/v2\/product_brand?post=14979"},{"taxonomy":"product_cat","embeddable":true,"href":"https:\/\/antika-lipovec.si\/de\/wp-json\/wp\/v2\/product_cat?post=14979"},{"taxonomy":"product_tag","embeddable":true,"href":"https:\/\/antika-lipovec.si\/de\/wp-json\/wp\/v2\/product_tag?post=14979"}],"curies":[{"name":"wp","href":"https:\/\/api.w.org\/{rel}","templated":true}]}}