{"id":14941,"date":"2026-03-07T09:47:39","date_gmt":"2026-03-07T09:47:39","guid":{"rendered":"https:\/\/antika-lipovec.si\/trgovina\/unkategorisiert\/rex-stuehle-niko-kralj\/"},"modified":"2026-03-07T09:47:39","modified_gmt":"2026-03-07T09:47:39","slug":"rex-stuehle-niko-kralj","status":"publish","type":"product","link":"https:\/\/antika-lipovec.si\/de\/trgovina\/antikes\/unrestaurierte-antike-moebel-und-lampen\/rex-stuehle-niko-kralj\/","title":{"rendered":"Rex St\u00fchle, Niko Kralj"},"content":{"rendered":"<p>2 x Rex Esszimmerst\u00fchle und 6 x Rex Lounge-Sessel, hervorragend erhalten.<\/p>\n<p>Die Geschichte des Rex-Stuhls begann in den 1950er-Jahren mit dem Rex-Klappstuhl. Sein Design vereint Innovation, Funktionalit\u00e4t und \u00c4sthetik. Niko Kralj entwickelte den komfortabelsten Stuhl seiner Art, indem er die Grenzen von gebogenem Sperrholz erweiterte und den Materialeinsatz reduzierte, ohne dabei die \u00c4sthetik aus den Augen zu verlieren. So entstand eine unverzichtbare M\u00f6belserie, die die Zeit \u00fcberdauert hat: die Rex-Kollektion (https:\/\/rex-kralj.com\/sl\/kolekcija\/rex\/).<\/p>\n<p>Der Rex-Stuhl (ebenfalls Teil der Rex Kralj Kollektion) ist eines der bekanntesten Produkte slowenischen Industriedesigns. Er wurde 1952 von dem Architekten und Designer Niko Kralj entworfen, der damals die Entwicklungsabteilung des Stuhls leitete. Prof. Kralj gilt neben Charles und Ray Eames sowie Alvar Aalto als eine der Legenden des Industriedesigns weltweit.<\/p>\n<p>Der Rex-Stuhl war der erste Stuhl Sloweniens, der f\u00fcr die Massenproduktion aus gepresstem, perforiertem Sperrholz gefertigt wurde. Er gilt als Inbegriff ergonomischer und funktionaler Perfektion und ist weltweit ein Kultobjekt f\u00fcr designbewusste Menschen. Bis heute wurden \u00fcber zwei Millionen St\u00fchle produziert. Der Rex-Stuhl ist Teil der Sammlungen des Museum of Modern Art (MoMA) in New York, des D\u00e4nischen Designmuseums (Designmuseum Danmark) und des Museumsquartiers in Wien. Laut einer Auswahl der Zeitung Finance belegte der Rex-Stuhl 1999 den zweiten Platz unter den slowenischen Produkten des 20. Jahrhunderts. Anl\u00e4sslich des 50-j\u00e4hrigen Jubil\u00e4ums seiner Entwicklung fand vom 26. Oktober bis 28. November 2004 eine Ausstellung in der Moderna galerija in Ljubljana statt. (Quelle: https:\/\/sl.wikipedia.org\/wiki\/Stol_Rex)<\/p>\n","protected":false},"excerpt":{"rendered":"<p>Rex St\u00fchle, Niko Kralj<\/p>\n","protected":false},"featured_media":14833,"template":"","meta":{"_et_pb_use_builder":"","_et_pb_old_content":"","_et_gb_content_width":""},"product_brand":[],"product_cat":[232,416],"product_tag":[],"class_list":{"0":"post-14941","1":"product","2":"type-product","3":"status-publish","4":"has-post-thumbnail","6":"product_cat-unrestaurierte-antike-moebel-und-lampen","7":"product_cat-rrestaurierte-moebel-und-lampen","8":"product_shipping_class-vecji-predmeti-de","10":"first","11":"instock","12":"shipping-taxable","13":"purchasable","14":"product-type-simple"},"_links":{"self":[{"href":"https:\/\/antika-lipovec.si\/de\/wp-json\/wp\/v2\/product\/14941","targetHints":{"allow":["GET"]}}],"collection":[{"href":"https:\/\/antika-lipovec.si\/de\/wp-json\/wp\/v2\/product"}],"about":[{"href":"https:\/\/antika-lipovec.si\/de\/wp-json\/wp\/v2\/types\/product"}],"wp:featuredmedia":[{"embeddable":true,"href":"https:\/\/antika-lipovec.si\/de\/wp-json\/wp\/v2\/media\/14833"}],"wp:attachment":[{"href":"https:\/\/antika-lipovec.si\/de\/wp-json\/wp\/v2\/media?parent=14941"}],"wp:term":[{"taxonomy":"product_brand","embeddable":true,"href":"https:\/\/antika-lipovec.si\/de\/wp-json\/wp\/v2\/product_brand?post=14941"},{"taxonomy":"product_cat","embeddable":true,"href":"https:\/\/antika-lipovec.si\/de\/wp-json\/wp\/v2\/product_cat?post=14941"},{"taxonomy":"product_tag","embeddable":true,"href":"https:\/\/antika-lipovec.si\/de\/wp-json\/wp\/v2\/product_tag?post=14941"}],"curies":[{"name":"wp","href":"https:\/\/api.w.org\/{rel}","templated":true}]}}