{"id":14327,"date":"2026-02-02T10:16:42","date_gmt":"2026-02-02T10:16:42","guid":{"rendered":"https:\/\/antika-lipovec.si\/?post_type=product&#038;p=14327"},"modified":"2026-02-06T10:40:49","modified_gmt":"2026-02-06T10:40:49","slug":"josef-drha-sopek-olje-na-juto","status":"publish","type":"product","link":"https:\/\/antika-lipovec.si\/de\/trgovina\/kunstwerke\/kunstwerke-slowenische-kuenstler\/josef-drha-sopek-olje-na-juto\/","title":{"rendered":"Josef Drha \/ Olje na juto \/ 1946"},"content":{"rendered":"<p>Josef Drha, olje na juto, izdelano l. 1946, signirano &#8222;J. Drha&#8220; in datirano, lepo ohranjeno in okvirjeno. Mere 73 x 92,5 cm (+ okvir).<\/p>\n<p>Josef Drha (1912 &#8211; 2009), vsestranski in ve\u010dkrat nagrajeni \u010de\u0161ki slikar, krajinar, slikar tiho\u017eitij in aktov, sakralni slikar,&#8230; Znan je predvsem po tiho\u017eitjih in intimnih motivih, kjer je v ospredju razpolo\u017eenje in barvna harmonija, ne pa natan\u010den realizem. Njegova dela pogosto zaznamujejo: mehke, rahlo zabrisane poteze, umirjena, topla barvna paleta, ob\u010dutek ti\u0161ine, zadr\u017eanosti in melanholije,navezava na pozno impresionisti\u010dno in postimpresionisti\u010dno tradicijo.\u00a0Cvetli\u010dna tiho\u017eitja so pri njem ve\u010d kot dekoracija \u2013 delujejo kot razpolo\u017eenjski zapisi, kjer narava postane nosilka ob\u010dutkov in \u010dasa. Prav ta zadr\u017eana poeti\u010dnost je tista, zaradi katere so njegova dela \u0161e danes priljubljena med ljubitelji klasi\u010dnega slikarstva.<\/p>\n<p>O umetniku: <a href=\"https:\/\/www.josefdrha.com\/en\/josef-drha\/\">https:\/\/www.josefdrha.com\/en\/josef-drha\/<\/a><\/p>\n","protected":false},"excerpt":{"rendered":"<p>Josef Drha, olje na juto, izdelano l. 1946, signirano &#8222;J. Drha&#8220; in datirano, lepo ohranjeno in okvirjeno. Mere 73 x 92,5 cm (+ okvir). Josef Drha (1912 &#8211; 2009), vsestranski in ve\u010dkrat nagrajeni \u010de\u0161ki slikar, krajinar, slikar tiho\u017eitij in aktov, sakralni slikar,&#8230; Znan je predvsem po tiho\u017eitjih in intimnih motivih, kjer je v ospredju razpolo\u017eenje [&hellip;]<\/p>\n","protected":false},"featured_media":14328,"template":"","meta":{"_et_pb_use_builder":"","_et_pb_old_content":"","_et_gb_content_width":""},"product_brand":[],"product_cat":[88],"product_tag":[],"class_list":{"0":"post-14327","1":"product","2":"type-product","3":"status-publish","4":"has-post-thumbnail","6":"product_cat-umetniniska-dela-slovenskih-avtorjev","7":"product_shipping_class-manjsi-predmeti","9":"first","10":"instock","11":"shipping-taxable","12":"purchasable","13":"product-type-simple"},"_links":{"self":[{"href":"https:\/\/antika-lipovec.si\/de\/wp-json\/wp\/v2\/product\/14327","targetHints":{"allow":["GET"]}}],"collection":[{"href":"https:\/\/antika-lipovec.si\/de\/wp-json\/wp\/v2\/product"}],"about":[{"href":"https:\/\/antika-lipovec.si\/de\/wp-json\/wp\/v2\/types\/product"}],"wp:featuredmedia":[{"embeddable":true,"href":"https:\/\/antika-lipovec.si\/de\/wp-json\/wp\/v2\/media\/14328"}],"wp:attachment":[{"href":"https:\/\/antika-lipovec.si\/de\/wp-json\/wp\/v2\/media?parent=14327"}],"wp:term":[{"taxonomy":"product_brand","embeddable":true,"href":"https:\/\/antika-lipovec.si\/de\/wp-json\/wp\/v2\/product_brand?post=14327"},{"taxonomy":"product_cat","embeddable":true,"href":"https:\/\/antika-lipovec.si\/de\/wp-json\/wp\/v2\/product_cat?post=14327"},{"taxonomy":"product_tag","embeddable":true,"href":"https:\/\/antika-lipovec.si\/de\/wp-json\/wp\/v2\/product_tag?post=14327"}],"curies":[{"name":"wp","href":"https:\/\/api.w.org\/{rel}","templated":true}]}}