{"id":14310,"date":"2026-01-28T10:24:09","date_gmt":"2026-01-28T10:24:09","guid":{"rendered":"https:\/\/antika-lipovec.si\/?post_type=product&#038;p=14310"},"modified":"2026-01-28T10:38:37","modified_gmt":"2026-01-28T10:38:37","slug":"pisalna-miza-pozni-bidermajer","status":"publish","type":"product","link":"https:\/\/antika-lipovec.si\/de\/trgovina\/antikes\/rrestaurierte-moebel-und-lampen\/pisalna-miza-pozni-bidermajer\/","title":{"rendered":"Pisalna miza, pozni bidermajer"},"content":{"rendered":"<p>Prefinjena damska pisalna miza, izdelana v sredini 19. stoletja (cca. 1860), v bidermajerskem stilu. Izjemna struktura orehovega furnirja (korenine), mehko zaobljene linije in vitke, rahlo ukrivljene noge ustvarjajo ob\u010dutek lahkotnosti in me\u0161\u010danske prefinjenosti. Pisalna povr\u0161ina je bila neko\u010d pri\u010da pismom, mislim in sanjam, skritim v treh predalih z medeninastimi ro\u010daji. Brez\u010dasen kos, ki v prostor vnese zgodbo in toplino&#8230;<br \/>\nObnovljena v na\u0161i restavratorski delavnici (ro\u010dna \u0161elak politura). Dimenzije: 112 x 64 x 80 (v) cm.<\/p>\n","protected":false},"excerpt":{"rendered":"<p>Bidermajerska pisalna miza<\/p>\n","protected":false},"featured_media":14311,"template":"","meta":{"_et_pb_use_builder":"","_et_pb_old_content":"","_et_gb_content_width":""},"product_brand":[],"product_cat":[414],"product_tag":[485,486,487,212],"class_list":{"0":"post-14310","1":"product","2":"type-product","3":"status-publish","4":"has-post-thumbnail","6":"product_cat-obnovljeno-pohistvo","7":"product_tag-pisalna-miza-bidermajer","8":"product_tag-damska-pisalna-miza","9":"product_tag-biedermeier-schreibtisch","10":"product_tag-bidermajer","11":"product_shipping_class-vecji-predmeti","13":"first","14":"instock","15":"shipping-taxable","16":"purchasable","17":"product-type-simple"},"_links":{"self":[{"href":"https:\/\/antika-lipovec.si\/de\/wp-json\/wp\/v2\/product\/14310","targetHints":{"allow":["GET"]}}],"collection":[{"href":"https:\/\/antika-lipovec.si\/de\/wp-json\/wp\/v2\/product"}],"about":[{"href":"https:\/\/antika-lipovec.si\/de\/wp-json\/wp\/v2\/types\/product"}],"wp:featuredmedia":[{"embeddable":true,"href":"https:\/\/antika-lipovec.si\/de\/wp-json\/wp\/v2\/media\/14311"}],"wp:attachment":[{"href":"https:\/\/antika-lipovec.si\/de\/wp-json\/wp\/v2\/media?parent=14310"}],"wp:term":[{"taxonomy":"product_brand","embeddable":true,"href":"https:\/\/antika-lipovec.si\/de\/wp-json\/wp\/v2\/product_brand?post=14310"},{"taxonomy":"product_cat","embeddable":true,"href":"https:\/\/antika-lipovec.si\/de\/wp-json\/wp\/v2\/product_cat?post=14310"},{"taxonomy":"product_tag","embeddable":true,"href":"https:\/\/antika-lipovec.si\/de\/wp-json\/wp\/v2\/product_tag?post=14310"}],"curies":[{"name":"wp","href":"https:\/\/api.w.org\/{rel}","templated":true}]}}