{"id":14297,"date":"2026-01-26T12:00:07","date_gmt":"2026-01-26T12:00:07","guid":{"rendered":"https:\/\/antika-lipovec.si\/?post_type=product&#038;p=14297"},"modified":"2026-01-26T12:11:25","modified_gmt":"2026-01-26T12:11:25","slug":"bidermajerska-mizica-z-lirami","status":"publish","type":"product","link":"https:\/\/antika-lipovec.si\/de\/trgovina\/antikes\/rrestaurierte-moebel-und-lampen\/bidermajerska-mizica-z-lirami\/","title":{"rendered":"Bidermajerska mizica z lirami"},"content":{"rendered":"<p>Majhna bidermajerska mizica, izdelana v za\u010detku 19. stoletja (cca. 1820), iz masivnega lesa in furnirana z mahagonijevim furnirjem, z izrazito, simetri\u010dno risbo lesa na zgornji ploskvi, kar je tipi\u010dno za bidermajersko poudarjanje naravne lepote materiala. Okovje je iz medenine, brez pretiranega okrasja. Najbolj izrazit dekorativni element so noge v obliki lir, zna\u010dilne za bidermajer. Te so elegantno ukrivljene, z navpi\u010dnimi letvicami, ki spominjajo na strune glasbila. <\/p>\n<p>Restavrirana v na\u0161i delavnici (ro\u010dna \u0161elak politura). Dimenzije: 51 x 39 x 83 (v) cm. <\/p>\n","protected":false},"excerpt":{"rendered":"<p>Bidermajerska mizica<\/p>\n","protected":false},"featured_media":14301,"template":"","meta":{"_et_pb_use_builder":"","_et_pb_old_content":"","_et_gb_content_width":""},"product_brand":[],"product_cat":[414],"product_tag":[484,212,275],"class_list":{"0":"post-14297","1":"product","2":"type-product","3":"status-publish","4":"has-post-thumbnail","6":"product_cat-obnovljeno-pohistvo","7":"product_tag-biedermeier-tisch","8":"product_tag-bidermajer","9":"product_tag-lyra-tisch","10":"product_shipping_class-vecji-predmeti","12":"first","13":"instock","14":"shipping-taxable","15":"purchasable","16":"product-type-simple"},"_links":{"self":[{"href":"https:\/\/antika-lipovec.si\/de\/wp-json\/wp\/v2\/product\/14297","targetHints":{"allow":["GET"]}}],"collection":[{"href":"https:\/\/antika-lipovec.si\/de\/wp-json\/wp\/v2\/product"}],"about":[{"href":"https:\/\/antika-lipovec.si\/de\/wp-json\/wp\/v2\/types\/product"}],"wp:featuredmedia":[{"embeddable":true,"href":"https:\/\/antika-lipovec.si\/de\/wp-json\/wp\/v2\/media\/14301"}],"wp:attachment":[{"href":"https:\/\/antika-lipovec.si\/de\/wp-json\/wp\/v2\/media?parent=14297"}],"wp:term":[{"taxonomy":"product_brand","embeddable":true,"href":"https:\/\/antika-lipovec.si\/de\/wp-json\/wp\/v2\/product_brand?post=14297"},{"taxonomy":"product_cat","embeddable":true,"href":"https:\/\/antika-lipovec.si\/de\/wp-json\/wp\/v2\/product_cat?post=14297"},{"taxonomy":"product_tag","embeddable":true,"href":"https:\/\/antika-lipovec.si\/de\/wp-json\/wp\/v2\/product_tag?post=14297"}],"curies":[{"name":"wp","href":"https:\/\/api.w.org\/{rel}","templated":true}]}}