{"id":14267,"date":"2025-12-04T09:47:05","date_gmt":"2025-12-04T09:47:05","guid":{"rendered":"https:\/\/antika-lipovec.si\/trgovina\/unkategorisiert\/mersad-berber-holzschnitt-ca-1970-fruehwerk\/"},"modified":"2025-12-16T09:46:39","modified_gmt":"2025-12-16T09:46:39","slug":"mersad-berber-holzschnitt-ca-1970-fruehwerk","status":"publish","type":"product","link":"https:\/\/antika-lipovec.si\/de\/trgovina\/kunstwerke\/kunstwerke-slowenische-kuenstler\/mersad-berber-holzschnitt-ca-1970-fruehwerk\/","title":{"rendered":"Mersad Berber, Holzschnitt, ca. 1970 (Fr\u00fchwerk)"},"content":{"rendered":"<p>Mersad Berber, Holzschnitt, ca. 1970 (Fr\u00fchwerk), signiert, gerahmt. Ma\u00dfe: 63 x 94 cm (+ Passepartout und Rahmen 8 cm).<\/p>\n","protected":false},"excerpt":{"rendered":"<p>Mersad Berber, Holzschnitt, ca. 1970 (Fr\u00fchwerk)<\/p>\n","protected":false},"featured_media":14238,"template":"","meta":{"_et_pb_use_builder":"","_et_pb_old_content":"","_et_gb_content_width":""},"product_brand":[],"product_cat":[90],"product_tag":[358],"class_list":{"0":"post-14267","1":"product","2":"type-product","3":"status-publish","4":"has-post-thumbnail","6":"product_cat-kunstwerke-slowenische-kuenstler","7":"product_tag-mersad-berber","8":"product_shipping_class-vecji-predmeti-de","10":"first","11":"outofstock","12":"shipping-taxable","13":"product-type-simple"},"_links":{"self":[{"href":"https:\/\/antika-lipovec.si\/de\/wp-json\/wp\/v2\/product\/14267","targetHints":{"allow":["GET"]}}],"collection":[{"href":"https:\/\/antika-lipovec.si\/de\/wp-json\/wp\/v2\/product"}],"about":[{"href":"https:\/\/antika-lipovec.si\/de\/wp-json\/wp\/v2\/types\/product"}],"wp:featuredmedia":[{"embeddable":true,"href":"https:\/\/antika-lipovec.si\/de\/wp-json\/wp\/v2\/media\/14238"}],"wp:attachment":[{"href":"https:\/\/antika-lipovec.si\/de\/wp-json\/wp\/v2\/media?parent=14267"}],"wp:term":[{"taxonomy":"product_brand","embeddable":true,"href":"https:\/\/antika-lipovec.si\/de\/wp-json\/wp\/v2\/product_brand?post=14267"},{"taxonomy":"product_cat","embeddable":true,"href":"https:\/\/antika-lipovec.si\/de\/wp-json\/wp\/v2\/product_cat?post=14267"},{"taxonomy":"product_tag","embeddable":true,"href":"https:\/\/antika-lipovec.si\/de\/wp-json\/wp\/v2\/product_tag?post=14267"}],"curies":[{"name":"wp","href":"https:\/\/api.w.org\/{rel}","templated":true}]}}