{"id":14222,"date":"2024-12-04T08:56:40","date_gmt":"2024-12-04T08:56:40","guid":{"rendered":"https:\/\/antika-lipovec.si\/?post_type=product&#038;p=14222"},"modified":"2025-12-04T09:00:09","modified_gmt":"2025-12-04T09:00:09","slug":"katalog-steklarne-rogaska","status":"publish","type":"product","link":"https:\/\/antika-lipovec.si\/de\/trgovina\/der-rest\/kristall-rogaska\/katalog-steklarne-rogaska\/","title":{"rendered":"Katalog Steklarne Roga\u0161ka"},"content":{"rendered":"<p>Obdarovanje je na\u010din za izkazovanje pozornosti. Pri tem se lahko prepustite instant izdelkom izdelanim nekje dale\u010d v tujini, ali pa izberete izdelkom slovenskega porekla in s tem podpirate slovensko znanje, ustvarjalnost in tradicijo. Z izdelki Steklarne Roga\u0161ka boste podarili izdelek izjemne kvalitete, dolgoletne tradicije in mojstrstva. Kristal Roga\u0161ka v sebi nosi ve\u010d kot 360 let tradicije!<\/p>\n<p>Za ogled kataloga, klikni na povezavo:\u00a0 <a href=\"https:\/\/antika-lipovec.si\/wp-content\/uploads\/2025\/12\/Rogaska-catalog-2024_screen-004.pdf\">Rogaska catalog 2024_screen (004)<\/a><\/p>\n<p>Darilo postane \u0161e bolj osebno, \u010de mu dodate osebno noto z ro\u010dno gravuro ali odtisom logotipa va\u0161ega podjetja. Na\u0161e dolgoletne izku\u0161nje pri izbiri primernega darila, s katerim izka\u017eete hvale\u017enost za uspe\u0161no leto, z veseljem delimo z vami in vam pomagamo z nasveti&#8230;.\u00a0 Iskreno vabljeni!<\/p>\n","protected":false},"excerpt":{"rendered":"<p>Obdarovanje je na\u010din za izkazovanje pozornosti. Pri tem se lahko prepustite instant izdelkom izdelanim nekje dale\u010d v tujini, ali pa izberete izdelkom slovenskega porekla in s tem podpirate slovensko znanje, ustvarjalnost in tradicijo. Z izdelki Steklarne Roga\u0161ka boste podarili izdelek izjemne kvalitete, dolgoletne tradicije in mojstrstva. Kristal Roga\u0161ka v sebi nosi ve\u010d kot 360 let [&hellip;]<\/p>\n","protected":false},"featured_media":14218,"template":"","meta":{"_et_pb_use_builder":"","_et_pb_old_content":"","_et_gb_content_width":""},"product_brand":[],"product_cat":[122],"product_tag":[],"class_list":{"0":"post-14222","1":"product","2":"type-product","3":"status-publish","4":"has-post-thumbnail","6":"product_cat-kristal-steklarne-rogaska","8":"first","9":"instock","10":"shipping-taxable","11":"product-type-simple"},"_links":{"self":[{"href":"https:\/\/antika-lipovec.si\/de\/wp-json\/wp\/v2\/product\/14222","targetHints":{"allow":["GET"]}}],"collection":[{"href":"https:\/\/antika-lipovec.si\/de\/wp-json\/wp\/v2\/product"}],"about":[{"href":"https:\/\/antika-lipovec.si\/de\/wp-json\/wp\/v2\/types\/product"}],"wp:featuredmedia":[{"embeddable":true,"href":"https:\/\/antika-lipovec.si\/de\/wp-json\/wp\/v2\/media\/14218"}],"wp:attachment":[{"href":"https:\/\/antika-lipovec.si\/de\/wp-json\/wp\/v2\/media?parent=14222"}],"wp:term":[{"taxonomy":"product_brand","embeddable":true,"href":"https:\/\/antika-lipovec.si\/de\/wp-json\/wp\/v2\/product_brand?post=14222"},{"taxonomy":"product_cat","embeddable":true,"href":"https:\/\/antika-lipovec.si\/de\/wp-json\/wp\/v2\/product_cat?post=14222"},{"taxonomy":"product_tag","embeddable":true,"href":"https:\/\/antika-lipovec.si\/de\/wp-json\/wp\/v2\/product_tag?post=14222"}],"curies":[{"name":"wp","href":"https:\/\/api.w.org\/{rel}","templated":true}]}}