{"id":14182,"date":"2025-11-20T10:30:21","date_gmt":"2025-11-20T10:30:21","guid":{"rendered":"https:\/\/antika-lipovec.si\/trgovina\/unkategorisiert\/biedermeier-stuhl-josef-danhauser\/"},"modified":"2026-02-06T11:01:16","modified_gmt":"2026-02-06T11:01:16","slug":"biedermeier-stuhl-josef-danhauser","status":"publish","type":"product","link":"https:\/\/antika-lipovec.si\/de\/trgovina\/antikes\/rrestaurierte-moebel-und-lampen\/biedermeier-stuhl-josef-danhauser\/","title":{"rendered":"Biedermeier Stuhl, Josef Danhauser"},"content":{"rendered":"<p>Biedermeier Stuhl, fr\u00fches 19. Jahrhundert (ca. 1820), Wurzelnussfurnier. Der Stuhl stammt von dem bekannten Wiener Biedermeier-M\u00f6beldesigner Josef Danhauser. Ma\u00dfe: 48 x 48 x 92 (H) cm. In unserer Restaurierungswerkstatt restauriert (Schellack-Handpolitur).<\/p>\n","protected":false},"excerpt":{"rendered":"<p>Biedermeier Stuhl, Restauriert<\/p>\n","protected":false},"featured_media":14291,"template":"","meta":{"_et_pb_use_builder":"","_et_pb_old_content":"","_et_gb_content_width":""},"product_brand":[],"product_cat":[416],"product_tag":[447,480],"class_list":{"0":"post-14182","1":"product","2":"type-product","3":"status-publish","4":"has-post-thumbnail","6":"product_cat-rrestaurierte-moebel-und-lampen","7":"product_tag-biedermeier-de-2","8":"product_tag-danhauser-de","9":"product_shipping_class-vecji-predmeti-de","11":"first","12":"instock","13":"shipping-taxable","14":"purchasable","15":"product-type-simple"},"_links":{"self":[{"href":"https:\/\/antika-lipovec.si\/de\/wp-json\/wp\/v2\/product\/14182","targetHints":{"allow":["GET"]}}],"collection":[{"href":"https:\/\/antika-lipovec.si\/de\/wp-json\/wp\/v2\/product"}],"about":[{"href":"https:\/\/antika-lipovec.si\/de\/wp-json\/wp\/v2\/types\/product"}],"wp:featuredmedia":[{"embeddable":true,"href":"https:\/\/antika-lipovec.si\/de\/wp-json\/wp\/v2\/media\/14291"}],"wp:attachment":[{"href":"https:\/\/antika-lipovec.si\/de\/wp-json\/wp\/v2\/media?parent=14182"}],"wp:term":[{"taxonomy":"product_brand","embeddable":true,"href":"https:\/\/antika-lipovec.si\/de\/wp-json\/wp\/v2\/product_brand?post=14182"},{"taxonomy":"product_cat","embeddable":true,"href":"https:\/\/antika-lipovec.si\/de\/wp-json\/wp\/v2\/product_cat?post=14182"},{"taxonomy":"product_tag","embeddable":true,"href":"https:\/\/antika-lipovec.si\/de\/wp-json\/wp\/v2\/product_tag?post=14182"}],"curies":[{"name":"wp","href":"https:\/\/api.w.org\/{rel}","templated":true}]}}