{"id":14079,"date":"2020-06-12T09:21:46","date_gmt":"2020-06-12T09:21:46","guid":{"rendered":"https:\/\/antika-lipovec.si\/?post_type=product&#038;p=14079"},"modified":"2026-01-14T10:11:20","modified_gmt":"2026-01-14T10:11:20","slug":"joze-tisnikar-krokarja-oglje-na-papir","status":"publish","type":"product","link":"https:\/\/antika-lipovec.si\/de\/trgovina\/kunstwerke\/kunstwerke-slowenische-kuenstler\/joze-tisnikar-krokarja-oglje-na-papir\/","title":{"rendered":"Jo\u017ee Tisnikar \/ Krokarja \/ Oglje na papir"},"content":{"rendered":"<p>Jo\u017ee Tisnikar, Krokarja, oglje na papir, signirano desno zgoraj, okvirjeno, mere: 38 x 46 cm (z okvirjem: 54 x 74 cm).<\/p>\n<p>Jo\u017ee Tisnikar je najpomembnej\u0161i slovenski samouki slikar in eden izmed najve\u010djih in najbolj prepoznavnih slovenskih likovnih ustvarjalcev druge polovice dvajsetega stoletja. Leta 1970 je prejel nagrado Pre\u0161ernovega sklada za slikarstvo.<\/p>\n<p>Leta 1928 rojeni Jo\u017ee Tisnikar je kot likovni umetnik samouk ustvaril izjemen opus risb, slik in grafik. Bil je slikar minljivosti in pri\u010devalec poslednjih trenutkov \u010dlove\u0161kega bivanja. Velja, da sta bili okoli\u0161\u010dini, ki sta zaznamovali njegovo samoniklo umetni\u0161ko pot, predvsem rev\u0161\u010dina v otro\u0161tvu in delo obdukcijskega pomo\u010dnika v prosekturi bolni\u0161nice v Slovenj Gradcu. &#8222;Zdi se mi, da sem videl veliko stvari, ki jih v resnici nisem videl. Da sem potoval po de\u017eelah, kjer sploh nisem bil, da sem \u017eivel svoje in tuja \u017eivljenja. \u010ce nisem bil kdaj poprej rojen, je najbr\u017e nekaj znanja in izku\u0161enj mrtvih pre\u0161lo vame,&#8220; je neko\u010d dejal o svojem ustvarjanju.<\/p>\n<p>Prosektura bolni\u0161nice, kjer je delal do leta 1983, je bila zanj hkrati atelje. V tehniki oljne tempere je slikal motive iz prosekture z zna\u010dilnim simbolnim sporo\u010dilom, bolni\u0161ni\u010dne motive z grotesknimi karnevali, motive alkoholnih delirijev, tesnobne prizore iz gostiln, simboli\u010dne procesije, \u017eivali, med katerimi ob netopirjih, mi\u0161ih, podganah, konjih, ma\u010dkah in \u010dri\u010dkih izstopa simbolni vran oziroma krokar. Po letu 1983 je postala Tisnikarjeva motivika lahkotnej\u0161a, smrtno grozo je omilil v meditativnost. Leta 1970 je prejel nagrado Pre\u0161ernovega sklada za slikarstvo.<\/p>\n","protected":false},"excerpt":{"rendered":"<p>Jo\u017ee Tisnikar, oglje na papir<\/p>\n","protected":false},"featured_media":14080,"template":"","meta":{"_et_pb_use_builder":"","_et_pb_old_content":"","_et_gb_content_width":""},"product_brand":[],"product_cat":[88],"product_tag":[466],"class_list":{"0":"post-14079","1":"product","2":"type-product","3":"status-publish","4":"has-post-thumbnail","6":"product_cat-umetniniska-dela-slovenskih-avtorjev","7":"product_tag-joze-tisnikar","8":"product_shipping_class-manjsi-predmeti","10":"first","11":"outofstock","12":"shipping-taxable","13":"product-type-simple"},"_links":{"self":[{"href":"https:\/\/antika-lipovec.si\/de\/wp-json\/wp\/v2\/product\/14079","targetHints":{"allow":["GET"]}}],"collection":[{"href":"https:\/\/antika-lipovec.si\/de\/wp-json\/wp\/v2\/product"}],"about":[{"href":"https:\/\/antika-lipovec.si\/de\/wp-json\/wp\/v2\/types\/product"}],"wp:featuredmedia":[{"embeddable":true,"href":"https:\/\/antika-lipovec.si\/de\/wp-json\/wp\/v2\/media\/14080"}],"wp:attachment":[{"href":"https:\/\/antika-lipovec.si\/de\/wp-json\/wp\/v2\/media?parent=14079"}],"wp:term":[{"taxonomy":"product_brand","embeddable":true,"href":"https:\/\/antika-lipovec.si\/de\/wp-json\/wp\/v2\/product_brand?post=14079"},{"taxonomy":"product_cat","embeddable":true,"href":"https:\/\/antika-lipovec.si\/de\/wp-json\/wp\/v2\/product_cat?post=14079"},{"taxonomy":"product_tag","embeddable":true,"href":"https:\/\/antika-lipovec.si\/de\/wp-json\/wp\/v2\/product_tag?post=14079"}],"curies":[{"name":"wp","href":"https:\/\/api.w.org\/{rel}","templated":true}]}}