{"id":14052,"date":"2025-10-15T09:33:50","date_gmt":"2025-10-15T09:33:50","guid":{"rendered":"https:\/\/antika-lipovec.si\/trgovina\/unkategorisiert\/joze-tisnikar-kleine-engel\/"},"modified":"2025-10-15T09:33:50","modified_gmt":"2025-10-15T09:33:50","slug":"joze-tisnikar-kleine-engel","status":"publish","type":"product","link":"https:\/\/antika-lipovec.si\/de\/trgovina\/kunstwerke\/kunstwerke-slowenische-kuenstler\/joze-tisnikar-kleine-engel\/","title":{"rendered":"Jo\u017ee Tisnikar \/ Kleine Engel"},"content":{"rendered":"<p>Jo\u017ee Tisnikar, Kleine Engel, \u00d6l-Tempera auf Papier, 1976, gerahmt. Ma\u00dfe: 34,5 x 44,5 cm (+ Rahmen 6 cm).<\/p>\n","protected":false},"excerpt":{"rendered":"<p>Jo\u017ee Tisnikar, Kleine Engel, \u00d6l-Tempera auf Papier, 1976, gerahmt. Ma\u00dfe: 34,5 x 44,5 cm (+ Rahmen 6 cm).<\/p>\n","protected":false},"featured_media":14024,"template":"","meta":{"_et_pb_use_builder":"","_et_pb_old_content":"","_et_gb_content_width":""},"product_brand":[],"product_cat":[90,127],"product_tag":[],"class_list":{"0":"post-14052","1":"product","2":"type-product","3":"status-publish","4":"has-post-thumbnail","6":"product_cat-kunstwerke-slowenische-kuenstler","7":"product_cat-ugodni-nakupi","9":"first","10":"outofstock","11":"shipping-taxable","12":"product-type-simple"},"_links":{"self":[{"href":"https:\/\/antika-lipovec.si\/de\/wp-json\/wp\/v2\/product\/14052","targetHints":{"allow":["GET"]}}],"collection":[{"href":"https:\/\/antika-lipovec.si\/de\/wp-json\/wp\/v2\/product"}],"about":[{"href":"https:\/\/antika-lipovec.si\/de\/wp-json\/wp\/v2\/types\/product"}],"wp:featuredmedia":[{"embeddable":true,"href":"https:\/\/antika-lipovec.si\/de\/wp-json\/wp\/v2\/media\/14024"}],"wp:attachment":[{"href":"https:\/\/antika-lipovec.si\/de\/wp-json\/wp\/v2\/media?parent=14052"}],"wp:term":[{"taxonomy":"product_brand","embeddable":true,"href":"https:\/\/antika-lipovec.si\/de\/wp-json\/wp\/v2\/product_brand?post=14052"},{"taxonomy":"product_cat","embeddable":true,"href":"https:\/\/antika-lipovec.si\/de\/wp-json\/wp\/v2\/product_cat?post=14052"},{"taxonomy":"product_tag","embeddable":true,"href":"https:\/\/antika-lipovec.si\/de\/wp-json\/wp\/v2\/product_tag?post=14052"}],"curies":[{"name":"wp","href":"https:\/\/api.w.org\/{rel}","templated":true}]}}