{"id":14049,"date":"2025-10-16T09:53:06","date_gmt":"2025-10-16T09:53:06","guid":{"rendered":"https:\/\/antika-lipovec.si\/trgovina\/unkategorisiert\/tischlampe-3\/"},"modified":"2025-10-16T09:56:36","modified_gmt":"2025-10-16T09:56:36","slug":"tischlampe-3","status":"publish","type":"product","link":"https:\/\/antika-lipovec.si\/de\/trgovina\/antikes\/rrestaurierte-moebel-und-lampen\/tischlampe-3\/","title":{"rendered":"Tischlampe"},"content":{"rendered":"<p>Franz\u00f6sische Tischlampe, fr\u00fches 20. Jahrhundert, Bronze, farbiges Glas. Ma\u00dfe: 16 x 16 x 28 (H) cm. Neu elektrifiziert.<\/p>\n","protected":false},"excerpt":{"rendered":"<p>Franz\u00f6sische Tischlampe, fr\u00fches 20. Jahrhundert, Bronze, farbiges Glas. Ma\u00dfe: 16 x 16 x 28 (H) cm. Neu elektrifiziert.<\/p>\n","protected":false},"featured_media":14037,"template":"","meta":{"_et_pb_use_builder":"","_et_pb_old_content":"","_et_gb_content_width":""},"product_brand":[],"product_cat":[416],"product_tag":[],"class_list":{"0":"post-14049","1":"product","2":"type-product","3":"status-publish","4":"has-post-thumbnail","6":"product_cat-rrestaurierte-moebel-und-lampen","8":"first","9":"instock","10":"shipping-taxable","11":"purchasable","12":"product-type-simple"},"_links":{"self":[{"href":"https:\/\/antika-lipovec.si\/de\/wp-json\/wp\/v2\/product\/14049","targetHints":{"allow":["GET"]}}],"collection":[{"href":"https:\/\/antika-lipovec.si\/de\/wp-json\/wp\/v2\/product"}],"about":[{"href":"https:\/\/antika-lipovec.si\/de\/wp-json\/wp\/v2\/types\/product"}],"wp:featuredmedia":[{"embeddable":true,"href":"https:\/\/antika-lipovec.si\/de\/wp-json\/wp\/v2\/media\/14037"}],"wp:attachment":[{"href":"https:\/\/antika-lipovec.si\/de\/wp-json\/wp\/v2\/media?parent=14049"}],"wp:term":[{"taxonomy":"product_brand","embeddable":true,"href":"https:\/\/antika-lipovec.si\/de\/wp-json\/wp\/v2\/product_brand?post=14049"},{"taxonomy":"product_cat","embeddable":true,"href":"https:\/\/antika-lipovec.si\/de\/wp-json\/wp\/v2\/product_cat?post=14049"},{"taxonomy":"product_tag","embeddable":true,"href":"https:\/\/antika-lipovec.si\/de\/wp-json\/wp\/v2\/product_tag?post=14049"}],"curies":[{"name":"wp","href":"https:\/\/api.w.org\/{rel}","templated":true}]}}