{"id":13960,"date":"2025-09-05T09:06:07","date_gmt":"2025-09-05T09:06:07","guid":{"rendered":"https:\/\/antika-lipovec.si\/trgovina\/unkategorisiert\/joze-tisnikar-letzter-abschied-eitempera-auf-leinwand\/"},"modified":"2025-09-05T09:06:07","modified_gmt":"2025-09-05T09:06:07","slug":"joze-tisnikar-letzter-abschied-eitempera-auf-leinwand","status":"publish","type":"product","link":"https:\/\/antika-lipovec.si\/de\/trgovina\/kunstwerke\/kunstwerke-slowenische-kuenstler\/joze-tisnikar-letzter-abschied-eitempera-auf-leinwand\/","title":{"rendered":"Jo\u017ee Tisnikar, Letzter Abschied, Eitempera auf Leinwand"},"content":{"rendered":"<p>Jo\u017ee Tisnikar, Letzter Abschied, Eitempera auf Leinwand, 1981, rechts unten signiert und datiert. Handgefertigter Rahmen. Ma\u00dfe: 73 x 60 cm (+ Rahmen 9 cm).<\/p>\n<p>Jo\u017ee Tisnikar ist der bedeutendste slowenische Autodidakt und einer der gr\u00f6\u00dften und bekanntesten slowenischen K\u00fcnstler der zweiten H\u00e4lfte des 20. Jahrhunderts. 1970 erhielt er den Preis f\u00fcr Malerei des Pre\u0161eren-Fonds.<\/p>\n","protected":false},"excerpt":{"rendered":"<p>Jo\u017ee Tisnikar, Letzter Abschied, Eitempera auf Leinwand, 1981, rechts unten signiert und datiert. Handgefertigter Rahmen. Ma\u00dfe: 73 x 60 cm (+ Rahmen 9 cm). Jo\u017ee Tisnikar ist der bedeutendste slowenische Autodidakt und einer der gr\u00f6\u00dften und bekanntesten slowenischen K\u00fcnstler der zweiten H\u00e4lfte des 20. Jahrhunderts. 1970 erhielt er den Preis f\u00fcr Malerei des Pre\u0161eren-Fonds.<\/p>\n","protected":false},"featured_media":13952,"template":"","meta":{"_et_pb_use_builder":"","_et_pb_old_content":"","_et_gb_content_width":""},"product_brand":[],"product_cat":[90],"product_tag":[],"class_list":{"0":"post-13960","1":"product","2":"type-product","3":"status-publish","4":"has-post-thumbnail","6":"product_cat-kunstwerke-slowenische-kuenstler","8":"first","9":"instock","10":"shipping-taxable","11":"purchasable","12":"product-type-simple"},"_links":{"self":[{"href":"https:\/\/antika-lipovec.si\/de\/wp-json\/wp\/v2\/product\/13960","targetHints":{"allow":["GET"]}}],"collection":[{"href":"https:\/\/antika-lipovec.si\/de\/wp-json\/wp\/v2\/product"}],"about":[{"href":"https:\/\/antika-lipovec.si\/de\/wp-json\/wp\/v2\/types\/product"}],"wp:featuredmedia":[{"embeddable":true,"href":"https:\/\/antika-lipovec.si\/de\/wp-json\/wp\/v2\/media\/13952"}],"wp:attachment":[{"href":"https:\/\/antika-lipovec.si\/de\/wp-json\/wp\/v2\/media?parent=13960"}],"wp:term":[{"taxonomy":"product_brand","embeddable":true,"href":"https:\/\/antika-lipovec.si\/de\/wp-json\/wp\/v2\/product_brand?post=13960"},{"taxonomy":"product_cat","embeddable":true,"href":"https:\/\/antika-lipovec.si\/de\/wp-json\/wp\/v2\/product_cat?post=13960"},{"taxonomy":"product_tag","embeddable":true,"href":"https:\/\/antika-lipovec.si\/de\/wp-json\/wp\/v2\/product_tag?post=13960"}],"curies":[{"name":"wp","href":"https:\/\/api.w.org\/{rel}","templated":true}]}}