{"id":13903,"date":"2025-08-14T10:56:54","date_gmt":"2025-08-14T10:56:54","guid":{"rendered":"https:\/\/antika-lipovec.si\/trgovina\/unkategorisiert\/thonet-hocker\/"},"modified":"2025-08-14T10:56:54","modified_gmt":"2025-08-14T10:56:54","slug":"thonet-hocker","status":"publish","type":"product","link":"https:\/\/antika-lipovec.si\/de\/trgovina\/antikes\/rrestaurierte-moebel-und-lampen\/thonet-hocker\/","title":{"rendered":"Thonet-Hocker"},"content":{"rendered":"<p>Thonet-Hocker, hergestellt in der ersten H\u00e4lfte des 20. Jahrhunderts, Buchenholz (ged\u00e4mpfte und gebogene Buche), originale Rattansitzfl\u00e4che. Restauriert in unserer Restaurierungswerkstatt. Ma\u00dfe: Durchmesser 41 cm, H\u00f6he: 41 cm.<\/p>\n","protected":false},"excerpt":{"rendered":"<p>Thonet-Hocker<\/p>\n","protected":false},"featured_media":13891,"template":"","meta":{"_et_pb_use_builder":"","_et_pb_old_content":"","_et_gb_content_width":""},"product_brand":[],"product_cat":[416],"product_tag":[],"class_list":{"0":"post-13903","1":"product","2":"type-product","3":"status-publish","4":"has-post-thumbnail","6":"product_cat-rrestaurierte-moebel-und-lampen","8":"first","9":"outofstock","10":"shipping-taxable","11":"product-type-simple"},"_links":{"self":[{"href":"https:\/\/antika-lipovec.si\/de\/wp-json\/wp\/v2\/product\/13903","targetHints":{"allow":["GET"]}}],"collection":[{"href":"https:\/\/antika-lipovec.si\/de\/wp-json\/wp\/v2\/product"}],"about":[{"href":"https:\/\/antika-lipovec.si\/de\/wp-json\/wp\/v2\/types\/product"}],"wp:featuredmedia":[{"embeddable":true,"href":"https:\/\/antika-lipovec.si\/de\/wp-json\/wp\/v2\/media\/13891"}],"wp:attachment":[{"href":"https:\/\/antika-lipovec.si\/de\/wp-json\/wp\/v2\/media?parent=13903"}],"wp:term":[{"taxonomy":"product_brand","embeddable":true,"href":"https:\/\/antika-lipovec.si\/de\/wp-json\/wp\/v2\/product_brand?post=13903"},{"taxonomy":"product_cat","embeddable":true,"href":"https:\/\/antika-lipovec.si\/de\/wp-json\/wp\/v2\/product_cat?post=13903"},{"taxonomy":"product_tag","embeddable":true,"href":"https:\/\/antika-lipovec.si\/de\/wp-json\/wp\/v2\/product_tag?post=13903"}],"curies":[{"name":"wp","href":"https:\/\/api.w.org\/{rel}","templated":true}]}}