{"id":13871,"date":"2022-08-07T11:09:28","date_gmt":"2022-08-07T11:09:28","guid":{"rendered":"https:\/\/antika-lipovec.si\/?post_type=product&#038;p=13871"},"modified":"2026-01-14T10:28:50","modified_gmt":"2026-01-14T10:28:50","slug":"majhen-neobarocni-predalnik-2","status":"publish","type":"product","link":"https:\/\/antika-lipovec.si\/de\/trgovina\/antikes\/rrestaurierte-moebel-und-lampen\/majhen-neobarocni-predalnik-2\/","title":{"rendered":"Majhen neobaro\u010dni predalnik"},"content":{"rendered":"<p>Majhen predalnik, izdelan v baro\u010dnem stilu, v drugi polovici 19. stoletja (cca. 1860), orehov furnir, originalni medeninasti ro\u010daji. Mere: 64 x 44 x 82 (v) cm. Restavriran v na\u0161i delavnici.<\/p>\n","protected":false},"excerpt":{"rendered":"<p>Baro\u010dni predalnik<\/p>\n","protected":false},"featured_media":13872,"template":"","meta":{"_et_pb_use_builder":"","_et_pb_old_content":"","_et_gb_content_width":""},"product_brand":[],"product_cat":[414],"product_tag":[268,457,458,137,172,267],"class_list":{"0":"post-13871","1":"product","2":"type-product","3":"status-publish","4":"has-post-thumbnail","6":"product_cat-obnovljeno-pohistvo","7":"product_tag-retro","8":"product_tag-restavriranje","9":"product_tag-obnova","10":"product_tag-starine","11":"product_tag-barocni-predalnik","12":"product_tag-vintage","13":"product_shipping_class-vecji-predmeti","15":"first","16":"outofstock","17":"shipping-taxable","18":"product-type-simple"},"_links":{"self":[{"href":"https:\/\/antika-lipovec.si\/de\/wp-json\/wp\/v2\/product\/13871","targetHints":{"allow":["GET"]}}],"collection":[{"href":"https:\/\/antika-lipovec.si\/de\/wp-json\/wp\/v2\/product"}],"about":[{"href":"https:\/\/antika-lipovec.si\/de\/wp-json\/wp\/v2\/types\/product"}],"wp:featuredmedia":[{"embeddable":true,"href":"https:\/\/antika-lipovec.si\/de\/wp-json\/wp\/v2\/media\/13872"}],"wp:attachment":[{"href":"https:\/\/antika-lipovec.si\/de\/wp-json\/wp\/v2\/media?parent=13871"}],"wp:term":[{"taxonomy":"product_brand","embeddable":true,"href":"https:\/\/antika-lipovec.si\/de\/wp-json\/wp\/v2\/product_brand?post=13871"},{"taxonomy":"product_cat","embeddable":true,"href":"https:\/\/antika-lipovec.si\/de\/wp-json\/wp\/v2\/product_cat?post=13871"},{"taxonomy":"product_tag","embeddable":true,"href":"https:\/\/antika-lipovec.si\/de\/wp-json\/wp\/v2\/product_tag?post=13871"}],"curies":[{"name":"wp","href":"https:\/\/api.w.org\/{rel}","templated":true}]}}