{"id":13786,"date":"2025-05-20T09:10:52","date_gmt":"2025-05-20T09:10:52","guid":{"rendered":"https:\/\/antika-lipovec.si\/trgovina\/unkategorisiert\/joze-ciuha-totem-grafik\/"},"modified":"2025-05-20T09:10:52","modified_gmt":"2025-05-20T09:10:52","slug":"joze-ciuha-totem-grafik","status":"publish","type":"product","link":"https:\/\/antika-lipovec.si\/de\/trgovina\/kunstwerke\/kunstwerke-slowenische-kuenstler\/joze-ciuha-totem-grafik\/","title":{"rendered":"Jo\u017ee Ciuha, Totem, Grafik"},"content":{"rendered":"<p>Jo\u017ee Ciuha, \u201eTotem\u201c, Grafik, unten rechts signiert, Grafikblatt 99\/130, gerahmt, Ma\u00dfe: 55 x 53 cm (+ Passepartout und Rahmen 9,5 cm).<\/p>\n<p>Jo\u017ee Ciuha (1924 \u2013 2015), Maler, Illustrator und Grafiker, schloss 1950 sein Studium an der Akademie der bildenden K\u00fcnste in Ljubljana bei den Professoren France Miheli\u010d und Gojmir Anton Kos ab. Seine Kunstwerke unterschieden sich in ihrer Maltechnik. Er malte auf Leinwand, Plexiglas und mit Wasserfarben. Er arbeitete auch mit Grafiken, Wandteppichen und Illustrationen. Er kombinierte oft ernste Themen mit heiteren, humorvollen und ungew\u00f6hnlichen Akzenten. Seine Kunst spiegelt die moderne Welt wider. Er kritisierte oft menschliche Fehler und Schw\u00e4chen anhand von Tierbildern. In seinen Werken portr\u00e4tierte er den Menschen als furchterregend und komisch zugleich.<\/p>\n<p>Er hatte weltweit \u00fcber 800 Ausstellungen und erhielt zahlreiche Auszeichnungen. Auch die wichtigste slowenische Auszeichnung<br \/>\nim Bereich der bildenden K\u00fcnste der Jakopi\u010d-Preis.<\/p>\n","protected":false},"excerpt":{"rendered":"<p>Jo\u017ee Ciuha, \u201eTotem\u201c, Grafik, unten rechts signiert, Grafikblatt 99\/130, gerahmt, Ma\u00dfe: 55 x 53 cm (+ Passepartout und Rahmen 9,5 cm). Jo\u017ee Ciuha (1924 \u2013 2015), Maler, Illustrator und Grafiker, schloss 1950 sein Studium an der Akademie der bildenden K\u00fcnste in Ljubljana bei den Professoren France Miheli\u010d und Gojmir Anton Kos ab. Seine Kunstwerke unterschieden [&hellip;]<\/p>\n","protected":false},"featured_media":13782,"template":"","meta":{"_et_pb_use_builder":"","_et_pb_old_content":"","_et_gb_content_width":""},"product_brand":[],"product_cat":[90],"product_tag":[],"class_list":{"0":"post-13786","1":"product","2":"type-product","3":"status-publish","4":"has-post-thumbnail","6":"product_cat-kunstwerke-slowenische-kuenstler","8":"first","9":"instock","10":"shipping-taxable","11":"purchasable","12":"product-type-simple"},"_links":{"self":[{"href":"https:\/\/antika-lipovec.si\/de\/wp-json\/wp\/v2\/product\/13786","targetHints":{"allow":["GET"]}}],"collection":[{"href":"https:\/\/antika-lipovec.si\/de\/wp-json\/wp\/v2\/product"}],"about":[{"href":"https:\/\/antika-lipovec.si\/de\/wp-json\/wp\/v2\/types\/product"}],"wp:featuredmedia":[{"embeddable":true,"href":"https:\/\/antika-lipovec.si\/de\/wp-json\/wp\/v2\/media\/13782"}],"wp:attachment":[{"href":"https:\/\/antika-lipovec.si\/de\/wp-json\/wp\/v2\/media?parent=13786"}],"wp:term":[{"taxonomy":"product_brand","embeddable":true,"href":"https:\/\/antika-lipovec.si\/de\/wp-json\/wp\/v2\/product_brand?post=13786"},{"taxonomy":"product_cat","embeddable":true,"href":"https:\/\/antika-lipovec.si\/de\/wp-json\/wp\/v2\/product_cat?post=13786"},{"taxonomy":"product_tag","embeddable":true,"href":"https:\/\/antika-lipovec.si\/de\/wp-json\/wp\/v2\/product_tag?post=13786"}],"curies":[{"name":"wp","href":"https:\/\/api.w.org\/{rel}","templated":true}]}}