{"id":13743,"date":"2024-05-19T08:18:29","date_gmt":"2024-05-19T08:18:29","guid":{"rendered":"https:\/\/antika-lipovec.si\/trgovina\/unkategorisiert\/schreibtisch-mit-rollo\/"},"modified":"2024-05-19T08:18:29","modified_gmt":"2024-05-19T08:18:29","slug":"schreibtisch-mit-rollo","status":"publish","type":"product","link":"https:\/\/antika-lipovec.si\/de\/trgovina\/antikes\/unrestaurierte-antike-moebel-und-lampen\/schreibtisch-mit-rollo\/","title":{"rendered":"Schreibtisch mit Rollo"},"content":{"rendered":"<p>Schreibtisch mit Rollo, aus dem sp\u00e4ten 19. Jahrhundert (ca. 1880), Historismus, Nussbaumfurnier, vollst\u00e4ndig und sch\u00f6n erhalten. Im Originalzustand. Abmessungen: 85 x 62 x 114 (h) cm.<\/p>\n","protected":false},"excerpt":{"rendered":"<p>Schreibtisch mit Rollo, aus dem sp\u00e4ten 19. Jahrhundert (ca. 1880), Historismus, Nussbaumfurnier, vollst\u00e4ndig und sch\u00f6n erhalten. Im Originalzustand. Abmessungen: 85 x 62 x 114 (h) cm.<\/p>\n","protected":false},"featured_media":13729,"template":"","meta":{"_et_pb_use_builder":"","_et_pb_old_content":"","_et_gb_content_width":""},"product_brand":[],"product_cat":[219,232],"product_tag":[],"class_list":{"0":"post-13743","1":"product","2":"type-product","3":"status-publish","4":"has-post-thumbnail","6":"product_cat-schnaeppchenkauf","7":"product_cat-unrestaurierte-antike-moebel-und-lampen","8":"product_shipping_class-vecji-predmeti-de","10":"first","11":"instock","12":"shipping-taxable","13":"purchasable","14":"product-type-simple"},"_links":{"self":[{"href":"https:\/\/antika-lipovec.si\/de\/wp-json\/wp\/v2\/product\/13743","targetHints":{"allow":["GET"]}}],"collection":[{"href":"https:\/\/antika-lipovec.si\/de\/wp-json\/wp\/v2\/product"}],"about":[{"href":"https:\/\/antika-lipovec.si\/de\/wp-json\/wp\/v2\/types\/product"}],"wp:featuredmedia":[{"embeddable":true,"href":"https:\/\/antika-lipovec.si\/de\/wp-json\/wp\/v2\/media\/13729"}],"wp:attachment":[{"href":"https:\/\/antika-lipovec.si\/de\/wp-json\/wp\/v2\/media?parent=13743"}],"wp:term":[{"taxonomy":"product_brand","embeddable":true,"href":"https:\/\/antika-lipovec.si\/de\/wp-json\/wp\/v2\/product_brand?post=13743"},{"taxonomy":"product_cat","embeddable":true,"href":"https:\/\/antika-lipovec.si\/de\/wp-json\/wp\/v2\/product_cat?post=13743"},{"taxonomy":"product_tag","embeddable":true,"href":"https:\/\/antika-lipovec.si\/de\/wp-json\/wp\/v2\/product_tag?post=13743"}],"curies":[{"name":"wp","href":"https:\/\/api.w.org\/{rel}","templated":true}]}}