{"id":13719,"date":"2025-05-16T08:27:01","date_gmt":"2025-05-16T08:27:01","guid":{"rendered":"https:\/\/antika-lipovec.si\/trgovina\/unkategorisiert\/rex-set-niko-kralj\/"},"modified":"2025-06-30T11:12:47","modified_gmt":"2025-06-30T11:12:47","slug":"rex-set-niko-kralj","status":"publish","type":"product","link":"https:\/\/antika-lipovec.si\/de\/trgovina\/antikes\/unrestaurierte-antike-moebel-und-lampen\/rex-set-niko-kralj\/","title":{"rendered":"Rex Set, Niko Kralj"},"content":{"rendered":"<p>Originale Sessel (2 St\u00fcck) mit einem klappbaren Rex-Couchtisch, entworfen von Niko Kralj im Jahr 1956. Sie sind aus gebogenem Sperrholz gefertigt und stammen von der Firma Stol Kamnik. Im Originalzustand (stabil, muss aufgefrischt werden).<br \/>\nPreis f\u00fcr das Set: 500,00 Euro. Einzelstuhl 200,00 EUR\/St\u00fcck, Couchtisch: 150,00 EUR.<\/p>\n<p>Ein Stuhl, der mehreren Generationen gedient hat und die Grundlage der Klappm\u00f6belkollektion von Rex Kralj bildet. Bis heute wurden mehr als zwei Millionen Rex Lounge Chairs produziert. Das Meisterwerk von Niko Kralj ist eine hervorragende \u00dcbung in der Kombination von Komfort, Stil und Funktionalit\u00e4t. R\u00fcckenlehne und Sitzfl\u00e4che bestehen aus gebogenem Buchenholz, das so geschnitten ist, dass sich das Holz in Kurven biegt. Daher ist es ein sehr bequemes M\u00f6belst\u00fcck. Das geschnittene Sperrholz verleiht dem Stuhl ein leichtes und luftiges Aussehen, w\u00e4hrend seine durchdachten Rundungen ein hervorragendes Zusammenklappen erm\u00f6glichen.<br \/>\nAufgrund ihres zeitlosen modernistischen Designs geh\u00f6ren Royal-Produkte zum Schatz der europ\u00e4ischen modernen Klassiker.<\/p>\n<p>Mit der Aufnahme in das New Yorker Museum of Modern Art, MoMa, wurde dem Rex-Stuhl 2018 von der Fachwelt der Status eines k\u00fcnstlerischen Produkts zuerkannt.<\/p>\n","protected":false},"excerpt":{"rendered":"<p>Originale Sessel (2 St\u00fcck) mit einem klappbaren Rex-Couchtisch, entworfen von Niko Kralj im Jahr 1956. Sie sind aus gebogenem Sperrholz gefertigt und stammen von der Firma Stol Kamnik. Im Originalzustand (stabil, muss aufgefrischt werden). Preis f\u00fcr das Set: 500,00 Euro. Einzelstuhl 200,00 EUR\/St\u00fcck, Couchtisch: 150,00 EUR. Ein Stuhl, der mehreren Generationen gedient hat und die [&hellip;]<\/p>\n","protected":false},"featured_media":13711,"template":"","meta":{"_et_pb_use_builder":"","_et_pb_old_content":"","_et_gb_content_width":""},"product_brand":[],"product_cat":[232],"product_tag":[],"class_list":{"0":"post-13719","1":"product","2":"type-product","3":"status-publish","4":"has-post-thumbnail","6":"product_cat-unrestaurierte-antike-moebel-und-lampen","7":"product_shipping_class-vecji-predmeti-de","9":"first","10":"outofstock","11":"shipping-taxable","12":"product-type-simple"},"_links":{"self":[{"href":"https:\/\/antika-lipovec.si\/de\/wp-json\/wp\/v2\/product\/13719","targetHints":{"allow":["GET"]}}],"collection":[{"href":"https:\/\/antika-lipovec.si\/de\/wp-json\/wp\/v2\/product"}],"about":[{"href":"https:\/\/antika-lipovec.si\/de\/wp-json\/wp\/v2\/types\/product"}],"wp:featuredmedia":[{"embeddable":true,"href":"https:\/\/antika-lipovec.si\/de\/wp-json\/wp\/v2\/media\/13711"}],"wp:attachment":[{"href":"https:\/\/antika-lipovec.si\/de\/wp-json\/wp\/v2\/media?parent=13719"}],"wp:term":[{"taxonomy":"product_brand","embeddable":true,"href":"https:\/\/antika-lipovec.si\/de\/wp-json\/wp\/v2\/product_brand?post=13719"},{"taxonomy":"product_cat","embeddable":true,"href":"https:\/\/antika-lipovec.si\/de\/wp-json\/wp\/v2\/product_cat?post=13719"},{"taxonomy":"product_tag","embeddable":true,"href":"https:\/\/antika-lipovec.si\/de\/wp-json\/wp\/v2\/product_tag?post=13719"}],"curies":[{"name":"wp","href":"https:\/\/api.w.org\/{rel}","templated":true}]}}