{"id":13675,"date":"2025-05-15T09:55:51","date_gmt":"2025-05-15T09:55:51","guid":{"rendered":"https:\/\/antika-lipovec.si\/trgovina\/unkategorisiert\/vladimir-lamut-novo-mesto-aquarell\/"},"modified":"2025-05-15T09:55:51","modified_gmt":"2025-05-15T09:55:51","slug":"vladimir-lamut-novo-mesto-aquarell","status":"publish","type":"product","link":"https:\/\/antika-lipovec.si\/de\/trgovina\/kunstwerke\/kunstwerke-slowenische-kuenstler\/vladimir-lamut-novo-mesto-aquarell\/","title":{"rendered":"Vladimir Lamut, Novo mesto, Aquarell"},"content":{"rendered":"<p>Vladimir Lamut, Novo mesto, Aquarell, unten rechts signiert, original gerahmt, Ma\u00dfe: 96 x 71 (+ Rahmen 10 cm.).<\/p>\n<p>Vladimir Lamut (1915\u20131962), Maler und Grafiker, absolvierte die Zagreber Kunstakademie. Er studierte Grafik an der Akademie der Sch\u00f6nen K\u00fcnste in Br\u00fcssel. Lamut liebte es, die Landschaften um Novo Mesto und entlang des Flusses Krka zu malen. Sein Stil ist realistisch. 1958 wurde in Kostanjevica der Lamut Art Salon gegr\u00fcndet.<\/p>\n<p>Er schuf haupts\u00e4chlich in der Kaltnadelradierung und Lithografie, Zeichnung, \u00d6l, Gouache, Aquarell und in seinen letzten Lebensjahren auch in Farbmonotypie. Er hat viele Landschaften der Region Dolenjska dargestellt, insbesondere den Fluss Krka, ist aber auch f\u00fcr seine Stadtansichten mit einer \u00e4ngstlich entfremdeten Atmosph\u00e4re bekannt. Er erlebte Novo mesto und die Natur entlang des Flusses Krka als seinen Lebenskreis und Ort k\u00fcnstlerischen Schaffens. Er war im Grunde ein Realist mit starker expressiver Betonung, ein st\u00e4ndiger Sucher nach pers\u00f6nlichem Ausdruck und ein grafisch begabter Landschaftsmaler. Unter den figuralen Werken stechen Selbstportr\u00e4ts und dynamische weibliche Akte hervor.<\/p>\n","protected":false},"excerpt":{"rendered":"<p>Vladimir Lamut, Novo mesto, Aquarell, unten rechts signiert, original gerahmt, Ma\u00dfe: 96 x 71 (+ Rahmen 10 cm.). Vladimir Lamut (1915\u20131962), Maler und Grafiker, absolvierte die Zagreber Kunstakademie. Er studierte Grafik an der Akademie der Sch\u00f6nen K\u00fcnste in Br\u00fcssel. Lamut liebte es, die Landschaften um Novo Mesto und entlang des Flusses Krka zu malen. Sein [&hellip;]<\/p>\n","protected":false},"featured_media":13666,"template":"","meta":{"_et_pb_use_builder":"","_et_pb_old_content":"","_et_gb_content_width":""},"product_brand":[],"product_cat":[90],"product_tag":[],"class_list":{"0":"post-13675","1":"product","2":"type-product","3":"status-publish","4":"has-post-thumbnail","6":"product_cat-kunstwerke-slowenische-kuenstler","7":"product_shipping_class-vecji-predmeti-de","9":"first","10":"instock","11":"shipping-taxable","12":"purchasable","13":"product-type-simple"},"_links":{"self":[{"href":"https:\/\/antika-lipovec.si\/de\/wp-json\/wp\/v2\/product\/13675","targetHints":{"allow":["GET"]}}],"collection":[{"href":"https:\/\/antika-lipovec.si\/de\/wp-json\/wp\/v2\/product"}],"about":[{"href":"https:\/\/antika-lipovec.si\/de\/wp-json\/wp\/v2\/types\/product"}],"wp:featuredmedia":[{"embeddable":true,"href":"https:\/\/antika-lipovec.si\/de\/wp-json\/wp\/v2\/media\/13666"}],"wp:attachment":[{"href":"https:\/\/antika-lipovec.si\/de\/wp-json\/wp\/v2\/media?parent=13675"}],"wp:term":[{"taxonomy":"product_brand","embeddable":true,"href":"https:\/\/antika-lipovec.si\/de\/wp-json\/wp\/v2\/product_brand?post=13675"},{"taxonomy":"product_cat","embeddable":true,"href":"https:\/\/antika-lipovec.si\/de\/wp-json\/wp\/v2\/product_cat?post=13675"},{"taxonomy":"product_tag","embeddable":true,"href":"https:\/\/antika-lipovec.si\/de\/wp-json\/wp\/v2\/product_tag?post=13675"}],"curies":[{"name":"wp","href":"https:\/\/api.w.org\/{rel}","templated":true}]}}