{"id":13637,"date":"2025-04-29T10:17:13","date_gmt":"2025-04-29T10:17:13","guid":{"rendered":"https:\/\/antika-lipovec.si\/trgovina\/unkategorisiert\/ilic-dorde-virtueller-musiker-oel-auf-leinwand\/"},"modified":"2025-04-29T10:17:13","modified_gmt":"2025-04-29T10:17:13","slug":"ilic-dorde-virtueller-musiker-oel-auf-leinwand","status":"publish","type":"product","link":"https:\/\/antika-lipovec.si\/de\/trgovina\/schnaeppchenkauf\/ilic-dorde-virtueller-musiker-oel-auf-leinwand\/","title":{"rendered":"Ili\u0107 Dor\u0111e, Virtueller Musiker, \u00d6l auf Leinwand"},"content":{"rendered":"<p>Ili\u0107 Dor\u0111e, Virtueller Musiker, \u00d6l auf Leinwand, unten rechts signiert und datiert, Jahr 1993, Ma\u00dfe: 89 x 130 cm. Das Bild ist in der Monographie auf Seite 147 enthalten (Marinkovi\u0107 Nada, Todi\u0107 Milanka, 2003, Fakult\u00e4t f\u00fcr Architektur Belgrad). Ili\u0107 geh\u00f6rt zur Spitze der zeitgen\u00f6ssischen serbischen Malerei.<\/p>\n<p>\u0110or\u0111e Ili\u0107 (Strumica 1920 \u2013 Belgrad, 2010) serbischer akademischer Maler, P\u00e4dagoge und Professor. Er absolvierte die Akademie der bildenden K\u00fcnste in Belgrad bei Professor Nedeljko Gvozdenovi\u0107. 1975 wurde er zum ordentlichen Professor an der Fakult\u00e4t f\u00fcr Architektur in Belgrad ernannt und ging 1984 in den Ruhestand. \u0110or\u0111e Ili\u0107 starb am 19. August 2010 in seinem Haus in Belgrad.<\/p>\n","protected":false},"excerpt":{"rendered":"<p>Ili\u0107 Dor\u0111e, Virtueller Musiker, \u00d6l auf Leinwand<\/p>\n","protected":false},"featured_media":13600,"template":"","meta":{"_et_pb_use_builder":"","_et_pb_old_content":"","_et_gb_content_width":""},"product_brand":[],"product_cat":[127],"product_tag":[446],"class_list":{"0":"post-13637","1":"product","2":"type-product","3":"status-publish","4":"has-post-thumbnail","6":"product_cat-ugodni-nakupi","7":"product_tag-ilic-dorde-de","8":"product_shipping_class-vecji-predmeti-de","10":"first","11":"instock","12":"sale","13":"shipping-taxable","14":"purchasable","15":"product-type-simple"},"_links":{"self":[{"href":"https:\/\/antika-lipovec.si\/de\/wp-json\/wp\/v2\/product\/13637","targetHints":{"allow":["GET"]}}],"collection":[{"href":"https:\/\/antika-lipovec.si\/de\/wp-json\/wp\/v2\/product"}],"about":[{"href":"https:\/\/antika-lipovec.si\/de\/wp-json\/wp\/v2\/types\/product"}],"wp:featuredmedia":[{"embeddable":true,"href":"https:\/\/antika-lipovec.si\/de\/wp-json\/wp\/v2\/media\/13600"}],"wp:attachment":[{"href":"https:\/\/antika-lipovec.si\/de\/wp-json\/wp\/v2\/media?parent=13637"}],"wp:term":[{"taxonomy":"product_brand","embeddable":true,"href":"https:\/\/antika-lipovec.si\/de\/wp-json\/wp\/v2\/product_brand?post=13637"},{"taxonomy":"product_cat","embeddable":true,"href":"https:\/\/antika-lipovec.si\/de\/wp-json\/wp\/v2\/product_cat?post=13637"},{"taxonomy":"product_tag","embeddable":true,"href":"https:\/\/antika-lipovec.si\/de\/wp-json\/wp\/v2\/product_tag?post=13637"}],"curies":[{"name":"wp","href":"https:\/\/api.w.org\/{rel}","templated":true}]}}