{"id":13575,"date":"2022-05-22T08:14:45","date_gmt":"2022-05-22T08:14:45","guid":{"rendered":"https:\/\/antika-lipovec.si\/?post_type=product&#038;p=13575"},"modified":"2026-02-06T10:56:53","modified_gmt":"2026-02-06T10:56:53","slug":"mijo-kovacic-pastir-olje-na-steklo","status":"publish","type":"product","link":"https:\/\/antika-lipovec.si\/de\/trgovina\/kunstwerke\/naive-kunst-ex-yu\/mijo-kovacic-pastir-olje-na-steklo\/","title":{"rendered":"Mijo Kova\u010di\u0107 \/ Pastir \/ Olje na steklo"},"content":{"rendered":"<p>Mijo Kova\u010di\u0107, Pastir, slika na steklo (olje na steklo), signirana in datirana, leto 1999. Mere: 75 x 65 cm (+ okvir).<\/p>\n<p>Mijo Kova\u010di\u0107 (Gornja \u0160uma, 1935) je eden najpomembnej\u0161ih hrva\u0161kih naivnih slikarjev. \u017de v otro\u0161tvu ka\u017ee izreden talent za slikarstvo, vendar mu dru\u017eina ni mogla omogo\u010dit nadaljnjega \u0161olanja. Pri osemnajstih letih spozna, v sosednji vasi Hlebine, \u017ee uveljavljenega slikarja Ivana Generali\u0107a. Leta 1954 je Kova\u010di\u0107 imel prvo razstavo. Razstavljal je na 300 skupnih in okoli 100 samostojnih razstavah po svetu.<\/p>\n<p>Glede na to, da je odra\u0161\u010dal v bli\u017eini reke Drave, je postala voda eden od njegovih poglavitnih motivov. M. Kova\u010di\u0107 se zaveda nelo\u010dljive, v\u010dasih tudi uni\u010dujo\u010de zveze med \u010dlovekom in naravo, zveze, ki jo zastira s tan\u010dico skrivnostnosti, s \u010dimer postane mojster razpolo\u017eenjskih slik, pa tudi portretnih upodobitev. Mo\u010dna karikiranost njegovih izjemno natan\u010dno detajliranih in psiholo\u0161ko opredeljenih portretov izra\u0161\u010da iz dejanskega okolja njihovega nastanka, saj \u017eivijo \u201emed svetovi\u201c, v nami\u0161ljenem prostoru med civiliziranim \u010dlovekom in neukrotljivo naravo, ki pu\u0161\u010da na njih neizbrisno sled.<\/p>\n<p><span class=\"VIiyi\" lang=\"sl\"><span class=\"JLqJ4b\" data-language-for-alternatives=\"sl\" data-language-to-translate-into=\"hr\" data-phrase-index=\"0\" data-number-of-phrases=\"1\"><span class=\"Q4iAWc\">Akademik Tonko Maroevi\u0107 je za Kova\u010di\u0107a zapisal, da se je \u00bbs svojo zna\u010dilno kombinacijo realnosti in sanj, empatije in distance, tragedije in humorja \u017ee zdavnaj lo\u010dil od serijske produkcije in neke kolektivne estetike\u00ab. Po besedah \u200b\u200bVladimirja Crnkovi\u0107a, je Kova\u010di\u0107 v enem kratkem obdobju \u0161estdesetih let prej\u0161njega stoletja, naslikal okoli \u0161tirideset uglednih slik, med njimi ve\u010d pravih mojstrovin moderne figurativne umetnosti 20. stoletja. Crnkovi\u0107 je posebej pohvalil svoje zimske pokrajine, vasi in zasne\u017eene njive, v katerih se je, kot je zapisal, oddaljil od kru\u0161ne morfologije in dosegel svojo osebno in povsem novo re\u0161itev krajinskega prostora.\u00a0 Likovni kritiki so hvalili like s pisanimi obla\u010dili in karikiranimi obrazi kmetov, po katerih je bil \u0161e posebej znan. Slikal je ljudi, grde in nesramne, v pono\u0161enih in raztrganih obla\u010dilih, ljudi dolgo\u010dasnega videza, ki so jih nekateri kritiki imenovali &#8222;odpadniki od vsakdanjega \u017eivljenja&#8220;. \u00bbSlikar je svet realnosti komentiral s svetom fikcije, bistvo situacije je poistovetil s sevanjem ozra\u010dja. Mo\u010dvirnate ni\u017eine njegovega doma\u010dega Zgornjega gozda, zgradbe, pokrite s slamo in ljudje, so tako postali oder gledali\u0161\u010da, v katerem se igra ve\u010dna drama obstoja in smrti,\u00ab je zapisal Juraj Baldani. Kova\u010di\u0107 je eden izmed slikarjev t.i druge generacije Hlebinske \u0161ole naivnega slikarstva in je ustvaril zaokro\u017een, oseben in zelo prepoznaven opus, s pristnimi elementi bogate, barvite, dinami\u010dne kompozicije in dramske pripovedi. Na papir je delal akvarele in risal s tu\u0161em, v zrelej\u0161i fazi pa je slikal na steklo. O njem so napisane tri monografije. <\/span><\/span><\/span>S slikarji Generali\u010dem in Ve\u010denajem je razstavljal na slavni turneji hrva\u0161ke naivne umetnosti, ki je v sedemdesetih osvojila svet. Je dobitnik\u00a0 mnogih priznanj, prisoten je v vseh monografijah hrva\u0161kega naivnega slikarstva in velja za enega najpomembnej\u0161ih hrva\u0161kih naivnih slikarjev.<\/p>\n","protected":false},"excerpt":{"rendered":"<p>Mijo Kova\u010di\u0107, Pastir, slika na steklo (olje na steklo), signirana in datirana, leto 1999. Mere: 75 x 65 cm (+ okvir). Mijo Kova\u010di\u0107 (Gornja \u0160uma, 1935) je eden najpomembnej\u0161ih hrva\u0161kih naivnih slikarjev. \u017de v otro\u0161tvu ka\u017ee izreden talent za slikarstvo, vendar mu dru\u017eina ni mogla omogo\u010dit nadaljnjega \u0161olanja. Pri osemnajstih letih spozna, v sosednji vasi [&hellip;]<\/p>\n","protected":false},"featured_media":13576,"template":"","meta":{"_et_pb_use_builder":"","_et_pb_old_content":"","_et_gb_content_width":""},"product_brand":[],"product_cat":[202],"product_tag":[285,207],"class_list":{"0":"post-13575","1":"product","2":"type-product","3":"status-publish","4":"has-post-thumbnail","6":"product_cat-naivna-likovna-umetnost","7":"product_tag-naivna-umetnost","8":"product_tag-mijo-kovacic","9":"product_shipping_class-vecji-predmeti","11":"first","12":"outofstock","13":"shipping-taxable","14":"product-type-simple"},"_links":{"self":[{"href":"https:\/\/antika-lipovec.si\/de\/wp-json\/wp\/v2\/product\/13575","targetHints":{"allow":["GET"]}}],"collection":[{"href":"https:\/\/antika-lipovec.si\/de\/wp-json\/wp\/v2\/product"}],"about":[{"href":"https:\/\/antika-lipovec.si\/de\/wp-json\/wp\/v2\/types\/product"}],"wp:featuredmedia":[{"embeddable":true,"href":"https:\/\/antika-lipovec.si\/de\/wp-json\/wp\/v2\/media\/13576"}],"wp:attachment":[{"href":"https:\/\/antika-lipovec.si\/de\/wp-json\/wp\/v2\/media?parent=13575"}],"wp:term":[{"taxonomy":"product_brand","embeddable":true,"href":"https:\/\/antika-lipovec.si\/de\/wp-json\/wp\/v2\/product_brand?post=13575"},{"taxonomy":"product_cat","embeddable":true,"href":"https:\/\/antika-lipovec.si\/de\/wp-json\/wp\/v2\/product_cat?post=13575"},{"taxonomy":"product_tag","embeddable":true,"href":"https:\/\/antika-lipovec.si\/de\/wp-json\/wp\/v2\/product_tag?post=13575"}],"curies":[{"name":"wp","href":"https:\/\/api.w.org\/{rel}","templated":true}]}}