{"id":13535,"date":"2025-03-20T10:25:30","date_gmt":"2025-03-20T10:25:30","guid":{"rendered":"https:\/\/antika-lipovec.si\/?post_type=product&#038;p=13535"},"modified":"2026-02-16T11:34:56","modified_gmt":"2026-02-16T11:34:56","slug":"ante-trstenjak-sopek-olje-na-karton","status":"publish","type":"product","link":"https:\/\/antika-lipovec.si\/de\/trgovina\/kunstwerke\/kunstwerke-slowenische-kuenstler\/ante-trstenjak-sopek-olje-na-karton\/","title":{"rendered":"Ante Trstenjak \/ \u0160opek \/ Olje na karton"},"content":{"rendered":"<p>Ante Trstenjak, \u0160opek, olje na karton, signirano desno spodaj, okvirjeno. Mere: 47 x 37 cm (+ okvir 8 cm).<\/p>\n<p>Trstenjak (1894 &#8211; 1970) je slikal v postimpresionisti\u010dnem, tonsko ugla\u0161enem na\u010dinu krajine (Slovenske gorice, Pariz, Dalmacija, Lu\u017eice, Praga, Istra), lu\u017ei\u0161ke folklorne motive in tiho\u017eitja. Sodi med najbolj\u0161e slovenske akvareliste v \u010dasu med obema vojnama, \u0161e zlasti so do\u017eiveti motivi iz Slovenskih goric.<\/p>\n<p>Po \u0161oli za umetno obrt v Gradcu in na Dunaju je \u0161tudij slikarstva za\u010del v Zagrebu, diplomiral pa leta 1923 v Pragi (prof. V. Hynais, F. Thiele). Strokovno se je izpopolnjeval v Italiji in Parizu, kjer je tudi samostojno razstavljal. Leta 1928 je prvi\u010d obiskal Lu\u017eice v Nem\u010diji in za\u010del ustvarjati dela z lu\u017ei\u0161kosrbsko folklorno tematiko. V letih 1932 do 1950 je \u017eive\u010d v Pragi, kjer se je 1933 tudi poro\u010dil. Med drugo svetovno vojno je delal v ilegali in bil v internaciji. Leta 1950 se je preselil v Maribor, kjer je ostal do smrti.<\/p>\n","protected":false},"excerpt":{"rendered":"<p>Ante Trstenjak, \u0160opek, olje na karton, signirano desno spodaj, okvirjeno. Mere: 47 x 37 cm (+ okvir 8 cm). Trstenjak (1894 &#8211; 1970) je slikal v postimpresionisti\u010dnem, tonsko ugla\u0161enem na\u010dinu krajine (Slovenske gorice, Pariz, Dalmacija, Lu\u017eice, Praga, Istra), lu\u017ei\u0161ke folklorne motive in tiho\u017eitja. Sodi med najbolj\u0161e slovenske akvareliste v \u010dasu med obema vojnama, \u0161e zlasti [&hellip;]<\/p>\n","protected":false},"featured_media":13536,"template":"","meta":{"_et_pb_use_builder":"","_et_pb_old_content":"","_et_gb_content_width":""},"product_brand":[],"product_cat":[88,127],"product_tag":[],"class_list":{"0":"post-13535","1":"product","2":"type-product","3":"status-publish","4":"has-post-thumbnail","6":"product_cat-umetniniska-dela-slovenskih-avtorjev","7":"product_cat-ugodni-nakupi","8":"product_shipping_class-manjsi-predmeti","10":"first","11":"instock","12":"sale","13":"shipping-taxable","14":"purchasable","15":"product-type-simple"},"_links":{"self":[{"href":"https:\/\/antika-lipovec.si\/de\/wp-json\/wp\/v2\/product\/13535","targetHints":{"allow":["GET"]}}],"collection":[{"href":"https:\/\/antika-lipovec.si\/de\/wp-json\/wp\/v2\/product"}],"about":[{"href":"https:\/\/antika-lipovec.si\/de\/wp-json\/wp\/v2\/types\/product"}],"wp:featuredmedia":[{"embeddable":true,"href":"https:\/\/antika-lipovec.si\/de\/wp-json\/wp\/v2\/media\/13536"}],"wp:attachment":[{"href":"https:\/\/antika-lipovec.si\/de\/wp-json\/wp\/v2\/media?parent=13535"}],"wp:term":[{"taxonomy":"product_brand","embeddable":true,"href":"https:\/\/antika-lipovec.si\/de\/wp-json\/wp\/v2\/product_brand?post=13535"},{"taxonomy":"product_cat","embeddable":true,"href":"https:\/\/antika-lipovec.si\/de\/wp-json\/wp\/v2\/product_cat?post=13535"},{"taxonomy":"product_tag","embeddable":true,"href":"https:\/\/antika-lipovec.si\/de\/wp-json\/wp\/v2\/product_tag?post=13535"}],"curies":[{"name":"wp","href":"https:\/\/api.w.org\/{rel}","templated":true}]}}