{"id":13531,"date":"2025-03-20T09:52:03","date_gmt":"2025-03-20T09:52:03","guid":{"rendered":"https:\/\/antika-lipovec.si\/trgovina\/unkategorisiert\/kronleuchter-jugendstil\/"},"modified":"2025-03-20T09:52:03","modified_gmt":"2025-03-20T09:52:03","slug":"kronleuchter-jugendstil","status":"publish","type":"product","link":"https:\/\/antika-lipovec.si\/de\/trgovina\/antikes\/rrestaurierte-moebel-und-lampen\/kronleuchter-jugendstil\/","title":{"rendered":"Kronleuchter, Jugendstil"},"content":{"rendered":"<p>Restaurierter Kronleuchter im Jugendstil aus dem fr\u00fchen 20. Jahrhundert, Messing, geschliffenes Kristallglas. Ma\u00dfe: Durchmesser ca. 52 cm, L\u00e4nge: 102 cm (L\u00e4ngenverstellung bis &#8211; 20 cm ist m\u00f6glich).<\/p>\n","protected":false},"excerpt":{"rendered":"<p>Kronleuchter im Jugendstil<\/p>\n","protected":false},"featured_media":12517,"template":"","meta":{"_et_pb_use_builder":"","_et_pb_old_content":"","_et_gb_content_width":""},"product_brand":[],"product_cat":[416],"product_tag":[],"class_list":{"0":"post-13531","1":"product","2":"type-product","3":"status-publish","4":"has-post-thumbnail","6":"product_cat-rrestaurierte-moebel-und-lampen","8":"first","9":"instock","10":"shipping-taxable","11":"purchasable","12":"product-type-simple"},"_links":{"self":[{"href":"https:\/\/antika-lipovec.si\/de\/wp-json\/wp\/v2\/product\/13531","targetHints":{"allow":["GET"]}}],"collection":[{"href":"https:\/\/antika-lipovec.si\/de\/wp-json\/wp\/v2\/product"}],"about":[{"href":"https:\/\/antika-lipovec.si\/de\/wp-json\/wp\/v2\/types\/product"}],"wp:featuredmedia":[{"embeddable":true,"href":"https:\/\/antika-lipovec.si\/de\/wp-json\/wp\/v2\/media\/12517"}],"wp:attachment":[{"href":"https:\/\/antika-lipovec.si\/de\/wp-json\/wp\/v2\/media?parent=13531"}],"wp:term":[{"taxonomy":"product_brand","embeddable":true,"href":"https:\/\/antika-lipovec.si\/de\/wp-json\/wp\/v2\/product_brand?post=13531"},{"taxonomy":"product_cat","embeddable":true,"href":"https:\/\/antika-lipovec.si\/de\/wp-json\/wp\/v2\/product_cat?post=13531"},{"taxonomy":"product_tag","embeddable":true,"href":"https:\/\/antika-lipovec.si\/de\/wp-json\/wp\/v2\/product_tag?post=13531"}],"curies":[{"name":"wp","href":"https:\/\/api.w.org\/{rel}","templated":true}]}}