{"id":13458,"date":"2025-02-22T09:41:46","date_gmt":"2025-02-22T09:41:46","guid":{"rendered":"https:\/\/antika-lipovec.si\/trgovina\/unkategorisiert\/augustincic-antun-junge-mannekenpis-bronzeskulptur\/"},"modified":"2025-03-03T10:49:26","modified_gmt":"2025-03-03T10:49:26","slug":"augustincic-antun-junge-mannekenpis-bronzeskulptur","status":"publish","type":"product","link":"https:\/\/antika-lipovec.si\/de\/trgovina\/kunstwerke\/kunstwerke-slowenische-kuenstler\/augustincic-antun-junge-mannekenpis-bronzeskulptur\/","title":{"rendered":"Augustin\u010di\u0107 Antun \/ Junge Mannekenpis, Bronzeskulptur"},"content":{"rendered":"<p>Augustin\u010di\u0107 Antun \/ Junge Mannekenpis, Bronzeskulptur auf einem Granitsockel, signiert. A. Augustin\u010di\u0107 (unten, auf der R\u00fcckseite der Skulptur). Die Skulptur ist in ausgezeichnetem Zustand. Abmessungen: 12 x 12 x 27 (H) cm.<\/p>\n<p>Die Figur eines nackten und barf\u00fc\u00dfigen, auf Zehenspitzen kletternden, urinierenden Jungen konzipierte und modellierte Augustin\u010di\u0107 f\u00fcr den Park der ehemaligen jugoslawischen Botschaft in Rom, wo sie 1950 gemeinsam mit der Figur \u201eJunge mit Fisch\u201c als Brunnen aufgestellt wurde. Der Junge \/ Manneken Pis wurde zu einer sehr beliebten Skulptur und seine Bronzeg\u00fcsse fanden einen Platz in institutionellen R\u00e4umen, privaten Sammlungen oder \u00f6ffentlichen R\u00e4umen (Petar-Sva\u010di\u0107-Platz in Zagreb im Jahr 1954; vor der Residenz von Josip Broz in Kumrovec im Jahr 1962; der Friedhof in Petrijevci im Jahr 1964; der Kinderspielplatz in Vukovar im Jahr 1965).<\/p>\n<p>Antun Augustin\u010di\u0107, kroatischer Bildhauer (1900\u20131979). Neben Ivan Me\u0161trovi\u0107 und Frano Kr\u0161ini\u0107 ist er einer der drei bedeutendsten kroatischen Bildhauer des 20. Jahrhunderts. Seine bekanntesten Werke sind das Friedensdenkmal vor dem Hauptsitz der Vereinten Nationen in New York und die Statue eines Bergarbeiters vor der Internationalen Arbeitsorganisation in Genf.<\/p>\n<p>Er schloss 1924 sein Studium an der K\u00f6niglichen Akademie der K\u00fcnste und des Handwerks in Zagreb unter der Leitung von Prof. ab. Ivan Mestrovic. Im Jahr 1918 schrieb er sich am damaligen College of Arts and Crafts (das 1922 in Royal Academy umbenannt wurde) ein und studierte bei Prof. Rudolf Valdec und Robert Frange\u0161 Mihanovi\u0107. Nach seinem Abschluss studierte er mit einem Stipendium der franz\u00f6sischen Regierung an der \u00c9cole des Arts decoratifs und der Acad\u00e9mie des Beaux-Arts in Paris. Augustin\u010di\u0107 ist der bedeutendste Vertreter des sogenannten psychologischen Portr\u00e4ts in der kroatischen Skulptur des 20. Jahrhunderts. &#8230;<\/p>\n","protected":false},"excerpt":{"rendered":"<p>Augustin\u010di\u0107 Antun \/ Junge Mannekenpis, Bronzeskulptur auf einem Granitsockel, signiert. A. Augustin\u010di\u0107 (unten, auf der R\u00fcckseite der Skulptur). Die Skulptur ist in ausgezeichnetem Zustand. Abmessungen: 12 x 12 x 27 (H) cm. Die Figur eines nackten und barf\u00fc\u00dfigen, auf Zehenspitzen kletternden, urinierenden Jungen konzipierte und modellierte Augustin\u010di\u0107 f\u00fcr den Park der ehemaligen jugoslawischen Botschaft in [&hellip;]<\/p>\n","protected":false},"featured_media":13434,"template":"","meta":{"_et_pb_use_builder":"","_et_pb_old_content":"","_et_gb_content_width":""},"product_brand":[],"product_cat":[88],"product_tag":[],"class_list":{"0":"post-13458","1":"product","2":"type-product","3":"status-publish","4":"has-post-thumbnail","6":"product_cat-umetniniska-dela-slovenskih-avtorjev","8":"first","9":"instock","10":"shipping-taxable","11":"purchasable","12":"product-type-simple"},"_links":{"self":[{"href":"https:\/\/antika-lipovec.si\/de\/wp-json\/wp\/v2\/product\/13458","targetHints":{"allow":["GET"]}}],"collection":[{"href":"https:\/\/antika-lipovec.si\/de\/wp-json\/wp\/v2\/product"}],"about":[{"href":"https:\/\/antika-lipovec.si\/de\/wp-json\/wp\/v2\/types\/product"}],"wp:featuredmedia":[{"embeddable":true,"href":"https:\/\/antika-lipovec.si\/de\/wp-json\/wp\/v2\/media\/13434"}],"wp:attachment":[{"href":"https:\/\/antika-lipovec.si\/de\/wp-json\/wp\/v2\/media?parent=13458"}],"wp:term":[{"taxonomy":"product_brand","embeddable":true,"href":"https:\/\/antika-lipovec.si\/de\/wp-json\/wp\/v2\/product_brand?post=13458"},{"taxonomy":"product_cat","embeddable":true,"href":"https:\/\/antika-lipovec.si\/de\/wp-json\/wp\/v2\/product_cat?post=13458"},{"taxonomy":"product_tag","embeddable":true,"href":"https:\/\/antika-lipovec.si\/de\/wp-json\/wp\/v2\/product_tag?post=13458"}],"curies":[{"name":"wp","href":"https:\/\/api.w.org\/{rel}","templated":true}]}}