{"id":13393,"date":"2025-01-30T09:19:26","date_gmt":"2025-01-30T09:19:26","guid":{"rendered":"https:\/\/antika-lipovec.si\/trgovina\/unkategorisiert\/edo-murtic-grafik\/"},"modified":"2025-01-30T09:19:26","modified_gmt":"2025-01-30T09:19:26","slug":"edo-murtic-grafik","status":"publish","type":"product","link":"https:\/\/antika-lipovec.si\/de\/trgovina\/kunstwerke\/kunstwerke-slowenische-kuenstler\/edo-murtic-grafik\/","title":{"rendered":"Edo Murti\u0107 \/ Grafik"},"content":{"rendered":"<p>Edo Murti\u0107, Mit Respekt vor Tito V, Grafik, 1986, unten rechts signiert und datiert. Ma\u00dfe: 46 x 66 cm (+ Rahmen 2,5 cm).<\/p>\n<p>Edo Murti\u0107 (1921, Velika Pisanica \u2013 2005, Zagreb, Kroatien) war ein kroatischer Maler, Grafiker, Grafikdesigner, B\u00fchnenbildner und Akademiker. Seine Werke sind vor allem f\u00fcr die lyrische Abstraktion und den abstrakten Expressionismus bekannt. Er arbeitete mit verschiedenen Medien, darunter \u00d6lmalerei, Gouache, Keramik, Mosaike und Wandmalereien. Seine erste Einzelausstellung hatte er 1939 in Zagreb. Er war stark von sozialistischen Ideen gepr\u00e4gt und schloss sich 1941 der antifaschistischen Bewegung an. 1943 engagierte er sich im Widerstand gegen die Faschisten.<\/p>\n<p>Nach dem Krieg unternahm er ausgedehnte Reisen und stellte in ganz Europa und Nordamerika aus, sodass seine Arbeiten internationale Anerkennung finden und in Museen, Galerien und Privatsammlungen auf der ganzen Welt zu finden sind. Er war 1956 Mitbegr\u00fcnder der Mart-Gruppe in Zagreb. 1958 nahm Murti\u010d an drei der weltweit gr\u00f6\u00dften Veranstaltungen zeitgen\u00f6ssischer Kunst teil: der Biennale von Venedig, dem Carnegie Prize Pittsburgh und der Documenta Kassel. Murti\u010d hatte im Laufe seines Lebens 150 Einzelausstellungen und nahm an mehr als 300 Gruppenausstellungen auf der ganzen Welt teil.<\/p>\n","protected":false},"excerpt":{"rendered":"<p>Edo Murti\u0107, Mit Respekt vor Tito V, Grafik, 1986, unten rechts signiert und datiert. Ma\u00dfe: 46 x 66 cm (+ Rahmen 2,5 cm). Edo Murti\u0107 (1921, Velika Pisanica \u2013 2005, Zagreb, Kroatien) war ein kroatischer Maler, Grafiker, Grafikdesigner, B\u00fchnenbildner und Akademiker. Seine Werke sind vor allem f\u00fcr die lyrische Abstraktion und den abstrakten Expressionismus bekannt. [&hellip;]<\/p>\n","protected":false},"featured_media":13388,"template":"","meta":{"_et_pb_use_builder":"","_et_pb_old_content":"","_et_gb_content_width":""},"product_brand":[],"product_cat":[88],"product_tag":[],"class_list":{"0":"post-13393","1":"product","2":"type-product","3":"status-publish","4":"has-post-thumbnail","6":"product_cat-umetniniska-dela-slovenskih-avtorjev","8":"first","9":"instock","10":"shipping-taxable","11":"purchasable","12":"product-type-simple"},"_links":{"self":[{"href":"https:\/\/antika-lipovec.si\/de\/wp-json\/wp\/v2\/product\/13393","targetHints":{"allow":["GET"]}}],"collection":[{"href":"https:\/\/antika-lipovec.si\/de\/wp-json\/wp\/v2\/product"}],"about":[{"href":"https:\/\/antika-lipovec.si\/de\/wp-json\/wp\/v2\/types\/product"}],"wp:featuredmedia":[{"embeddable":true,"href":"https:\/\/antika-lipovec.si\/de\/wp-json\/wp\/v2\/media\/13388"}],"wp:attachment":[{"href":"https:\/\/antika-lipovec.si\/de\/wp-json\/wp\/v2\/media?parent=13393"}],"wp:term":[{"taxonomy":"product_brand","embeddable":true,"href":"https:\/\/antika-lipovec.si\/de\/wp-json\/wp\/v2\/product_brand?post=13393"},{"taxonomy":"product_cat","embeddable":true,"href":"https:\/\/antika-lipovec.si\/de\/wp-json\/wp\/v2\/product_cat?post=13393"},{"taxonomy":"product_tag","embeddable":true,"href":"https:\/\/antika-lipovec.si\/de\/wp-json\/wp\/v2\/product_tag?post=13393"}],"curies":[{"name":"wp","href":"https:\/\/api.w.org\/{rel}","templated":true}]}}