{"id":13298,"date":"2024-11-27T09:59:53","date_gmt":"2024-11-27T09:59:53","guid":{"rendered":"https:\/\/antika-lipovec.si\/trgovina\/unkategorisiert\/gabrijel-kolbic-weinherstellung-sechsteilige-reliefplastik-aus-ton\/"},"modified":"2024-11-27T11:12:10","modified_gmt":"2024-11-27T11:12:10","slug":"gabrijel-kolbic-weinherstellung-sechsteilige-reliefplastik-aus-ton","status":"publish","type":"product","link":"https:\/\/antika-lipovec.si\/de\/trgovina\/kunstwerke\/kunstwerke-slowenische-kuenstler\/gabrijel-kolbic-weinherstellung-sechsteilige-reliefplastik-aus-ton\/","title":{"rendered":"Gabrijel Kolbi\u010d, Weinherstellung, sechsteilige Reliefplastik aus Ton"},"content":{"rendered":"<p>Gabrijel Kolbi\u010d, Weinherstellung, sechsteilige Reliefplastik aus Ton, Herstellungsjahr 1940, signiert und datiert.<br \/>\nDie Ma\u00dfe der einzelnen Teile betragen von 27 cm bis 39 cm Breite, H\u00f6he ca. 34 cm. Die Gesamtl\u00e4nge des Kunststoffs (wenn die Einzelteile zu einem Kunststoff zusammengef\u00fcgt werden) betr\u00e4gt ca. 240 x 34 cm.<\/p>\n<p>Das Kunstwerk veranschaulicht die Herstellung von Wein von der Arbeit im Weinberg (Pflege der Reben) \u00fcber die Ernte, das Pressen der Trauben, die Lagerung und die Auslieferung des Weins bis zum letzten Teil, wenn die jungen Besitzer sich gegenseitig \u201eProst\u201c w\u00fcnschen (am Auf diesem Kunststoff gibt es eine Signatur und das Herstellungsjahr.<\/p>\n<p>Gabrijel Kolbi\u010d ist einer der zentralen Bildhauernamen des 20. Jahrhunderts. in Maribor. Nach dem Zweiten Weltkrieg war er der einzige akademisch ausgebildete Bildhauer in Maribor. Er studierte zun\u00e4chst an der Kunstgewerbeschule in Prag, wo er zun\u00e4chst von Josef Ma\u0159atka, Rodins Sch\u00fcler, unterrichtet wurde, der sein Wissen \u00fcber die Kunst des gro\u00dfen franz\u00f6sischen Bildhauers an Kolbich weitergab, und nach seinem Tod von Karel Dvo\u0159ak, mit dem er erfolgreich zusammenarbeitete schloss sein Studium ab. Er setzte sein Studium an der Akademie der bildenden K\u00fcnste in Prag bei dem Bildhauer und Medailleur Otakar \u0160paniel fort. W\u00e4hrend seines Studiums wurde er f\u00fcr sein Werk \u201eDemokratie\u201c ausgezeichnet und erhielt eine lobende Erw\u00e4hnung f\u00fcr sein M\u00e4dchenportr\u00e4t.<\/p>\n","protected":false},"excerpt":{"rendered":"<p>Gabrijel Kolbi\u010d, Weinherstellung, sechsteilige Reliefplastik aus Ton<\/p>\n","protected":false},"featured_media":13353,"template":"","meta":{"_et_pb_use_builder":"","_et_pb_old_content":"","_et_gb_content_width":""},"product_brand":[],"product_cat":[90],"product_tag":[],"class_list":{"0":"post-13298","1":"product","2":"type-product","3":"status-publish","4":"has-post-thumbnail","6":"product_cat-kunstwerke-slowenische-kuenstler","7":"product_shipping_class-vecji-predmeti-de","9":"first","10":"instock","11":"shipping-taxable","12":"product-type-simple"},"_links":{"self":[{"href":"https:\/\/antika-lipovec.si\/de\/wp-json\/wp\/v2\/product\/13298","targetHints":{"allow":["GET"]}}],"collection":[{"href":"https:\/\/antika-lipovec.si\/de\/wp-json\/wp\/v2\/product"}],"about":[{"href":"https:\/\/antika-lipovec.si\/de\/wp-json\/wp\/v2\/types\/product"}],"wp:featuredmedia":[{"embeddable":true,"href":"https:\/\/antika-lipovec.si\/de\/wp-json\/wp\/v2\/media\/13353"}],"wp:attachment":[{"href":"https:\/\/antika-lipovec.si\/de\/wp-json\/wp\/v2\/media?parent=13298"}],"wp:term":[{"taxonomy":"product_brand","embeddable":true,"href":"https:\/\/antika-lipovec.si\/de\/wp-json\/wp\/v2\/product_brand?post=13298"},{"taxonomy":"product_cat","embeddable":true,"href":"https:\/\/antika-lipovec.si\/de\/wp-json\/wp\/v2\/product_cat?post=13298"},{"taxonomy":"product_tag","embeddable":true,"href":"https:\/\/antika-lipovec.si\/de\/wp-json\/wp\/v2\/product_tag?post=13298"}],"curies":[{"name":"wp","href":"https:\/\/api.w.org\/{rel}","templated":true}]}}