{"id":13263,"date":"2024-11-26T11:24:14","date_gmt":"2024-11-26T11:24:14","guid":{"rendered":"https:\/\/antika-lipovec.si\/trgovina\/unkategorisiert\/ante-trstenjak-domacija-oel-auf-karton\/"},"modified":"2024-11-26T11:24:14","modified_gmt":"2024-11-26T11:24:14","slug":"ante-trstenjak-domacija-oel-auf-karton","status":"publish","type":"product","link":"https:\/\/antika-lipovec.si\/de\/trgovina\/kunstwerke\/kunstwerke-slowenische-kuenstler\/ante-trstenjak-domacija-oel-auf-karton\/","title":{"rendered":"Ante Trstenjak \/ Doma\u010dija \/ \u00d6l auf Karton"},"content":{"rendered":"<p>Ante Trstenjak, Heimst\u00e4tte, \u00d6l auf Karton, unten rechts signiert, gerahmt. Abmessungen: 63,5 x 48,5 cm (+ Rahmen 9 cm).<\/p>\n<p>Trstenjak (1894 &#8211; 1970) malte in einem postimpressionistischen, tonal abgestimmten Stil Landschaften (slowenische Berge, Paris, Dalmatien, Lausitz, Prag, Istrien), Lausitzer Folkloremotive und Stillleben. Er ist einer der besten slowenischen Aquarellisten der Zeit zwischen den beiden Kriegen, insbesondere der Motive aus den Slovenske gorice.<\/p>\n<p>Nach der Kunstgewerbeschule in Graz und Wien begann er sein Malstudium in Zagreb und schloss es 1923 in Prag ab (Prof. V. Hynais, F. Thiele). Seine berufliche Ausbildung absolvierte er in Italien und Paris, wo er auch selbst\u00e4ndig ausstellte. 1928 besuchte er erstmals die Lausitz in Deutschland und begann Werke mit Lausitzer-serbischen Folklorethemen zu schaffen. In den Jahren 1932 bis 1950 lebte er in Prag, wo er 1933 auch heiratete. W\u00e4hrend des Zweiten Weltkriegs arbeitete er illegal und wurde interniert. 1950 zog er nach Maribor, wo er bis zu seinem Tod blieb.<\/p>\n","protected":false},"excerpt":{"rendered":"<p>Ante Trstenjak<\/p>\n","protected":false},"featured_media":13252,"template":"","meta":{"_et_pb_use_builder":"","_et_pb_old_content":"","_et_gb_content_width":""},"product_brand":[],"product_cat":[90,127],"product_tag":[],"class_list":{"0":"post-13263","1":"product","2":"type-product","3":"status-publish","4":"has-post-thumbnail","6":"product_cat-kunstwerke-slowenische-kuenstler","7":"product_cat-ugodni-nakupi","9":"first","10":"instock","11":"sale","12":"shipping-taxable","13":"purchasable","14":"product-type-simple"},"_links":{"self":[{"href":"https:\/\/antika-lipovec.si\/de\/wp-json\/wp\/v2\/product\/13263","targetHints":{"allow":["GET"]}}],"collection":[{"href":"https:\/\/antika-lipovec.si\/de\/wp-json\/wp\/v2\/product"}],"about":[{"href":"https:\/\/antika-lipovec.si\/de\/wp-json\/wp\/v2\/types\/product"}],"wp:featuredmedia":[{"embeddable":true,"href":"https:\/\/antika-lipovec.si\/de\/wp-json\/wp\/v2\/media\/13252"}],"wp:attachment":[{"href":"https:\/\/antika-lipovec.si\/de\/wp-json\/wp\/v2\/media?parent=13263"}],"wp:term":[{"taxonomy":"product_brand","embeddable":true,"href":"https:\/\/antika-lipovec.si\/de\/wp-json\/wp\/v2\/product_brand?post=13263"},{"taxonomy":"product_cat","embeddable":true,"href":"https:\/\/antika-lipovec.si\/de\/wp-json\/wp\/v2\/product_cat?post=13263"},{"taxonomy":"product_tag","embeddable":true,"href":"https:\/\/antika-lipovec.si\/de\/wp-json\/wp\/v2\/product_tag?post=13263"}],"curies":[{"name":"wp","href":"https:\/\/api.w.org\/{rel}","templated":true}]}}