{"id":13203,"date":"2024-11-28T11:23:51","date_gmt":"2024-11-28T11:23:51","guid":{"rendered":"https:\/\/antika-lipovec.si\/trgovina\/unkategorisiert\/art-deco-vitrine\/"},"modified":"2024-11-05T11:23:51","modified_gmt":"2024-11-05T11:23:51","slug":"art-deco-vitrine","status":"publish","type":"product","link":"https:\/\/antika-lipovec.si\/de\/trgovina\/antikes\/rrestaurierte-moebel-und-lampen\/art-deco-vitrine\/","title":{"rendered":"Art Deco Vitrine"},"content":{"rendered":"<p>Art Deco Vitrine, aus den 1930er Jahren (ca. 1930), Walnussfurnier, originales sandgestrahltes Glas und zwei Glasb\u00f6den. In unserer Werkstatt restauriert (manuelle Schellackpolitur). Abmessungen: 133 x 32 x 125 (H) cm. Wenn \u00fcberlegenes Design und Funktionalit\u00e4t bestm\u00f6glich zusammenkommen&#8230;<\/p>\n","protected":false},"excerpt":{"rendered":"<p>Art Deco Vitrine<\/p>\n","protected":false},"featured_media":13201,"template":"","meta":{"_et_pb_use_builder":"","_et_pb_old_content":"","_et_gb_content_width":""},"product_brand":[],"product_cat":[416],"product_tag":[],"class_list":{"0":"post-13203","1":"product","2":"type-product","3":"status-publish","4":"has-post-thumbnail","6":"product_cat-rrestaurierte-moebel-und-lampen","7":"product_shipping_class-vecji-predmeti-de","9":"first","10":"instock","11":"shipping-taxable","12":"purchasable","13":"product-type-simple"},"_links":{"self":[{"href":"https:\/\/antika-lipovec.si\/de\/wp-json\/wp\/v2\/product\/13203","targetHints":{"allow":["GET"]}}],"collection":[{"href":"https:\/\/antika-lipovec.si\/de\/wp-json\/wp\/v2\/product"}],"about":[{"href":"https:\/\/antika-lipovec.si\/de\/wp-json\/wp\/v2\/types\/product"}],"wp:featuredmedia":[{"embeddable":true,"href":"https:\/\/antika-lipovec.si\/de\/wp-json\/wp\/v2\/media\/13201"}],"wp:attachment":[{"href":"https:\/\/antika-lipovec.si\/de\/wp-json\/wp\/v2\/media?parent=13203"}],"wp:term":[{"taxonomy":"product_brand","embeddable":true,"href":"https:\/\/antika-lipovec.si\/de\/wp-json\/wp\/v2\/product_brand?post=13203"},{"taxonomy":"product_cat","embeddable":true,"href":"https:\/\/antika-lipovec.si\/de\/wp-json\/wp\/v2\/product_cat?post=13203"},{"taxonomy":"product_tag","embeddable":true,"href":"https:\/\/antika-lipovec.si\/de\/wp-json\/wp\/v2\/product_tag?post=13203"}],"curies":[{"name":"wp","href":"https:\/\/api.w.org\/{rel}","templated":true}]}}