{"id":13150,"date":"2024-10-25T10:45:10","date_gmt":"2024-10-25T10:45:10","guid":{"rendered":"https:\/\/antika-lipovec.si\/trgovina\/nekategorizirano\/mijo-kovacic-masken-malerei-auf-glas-oel-auf-glas\/"},"modified":"2024-10-25T10:45:10","modified_gmt":"2024-10-25T10:45:10","slug":"mijo-kovacic-masken-malerei-auf-glas-oel-auf-glas","status":"publish","type":"product","link":"https:\/\/antika-lipovec.si\/de\/trgovina\/kunstwerke\/naive-kunst-ex-yu\/mijo-kovacic-masken-malerei-auf-glas-oel-auf-glas\/","title":{"rendered":"Mijo Kova\u010di\u0107 \u2013 Masken, Malerei auf Glas (\u00d6l auf Glas)"},"content":{"rendered":"<p>Mijo Kova\u010di\u0107 \u2013 Masken, Malerei auf Glas (\u00d6l auf Glas), signiert und datiert, 1970, Originalrahmen. Abmessungen: 70 x 80 cm, (+ Rahmen).<\/p>\n<p>Mijo Kova\u010di\u0107 (Gornja \u0161uma, 1935 \u2013 2020) ist einer der bedeutendsten kroatischen Naivmaler. Schon als Kind zeigte er ein au\u00dfergew\u00f6hnliches Talent f\u00fcr die Malerei, eine weitere Ausbildung konnte ihm seine Familie jedoch nicht leisten. Im Alter von achtzehn Jahren lernte er im Nachbardorf Hlebine den bereits etablierten Maler Ivan Generali\u0107 kennen. 1954 hatte Kova\u010di\u0107 seine erste Ausstellung. Er stellte weltweit auf 300 Gemeinschafts- und rund 100 Einzelausstellungen aus.<br \/>\nKova\u010di\u0107 ist einer der Maler der sogenannten zweiten Generation der Hlebin-Schule der naiven Malerei und hat ein umfassendes, pers\u00f6nliches und sehr wiedererkennbares Oeuvre mit authentischen Elementen reichhaltiger, farbenfroher, dynamischer Komposition und dramatischer Erz\u00e4hlung geschaffen. Er fertigte Aquarelle auf Papier an, zeichnete mit Tusche und malte in einer reiferen Phase auf Glas. \u00dcber ihn wurden drei Monographien verfasst. Er stellte mit den Malern Generali\u010d und Ve\u010denaj auf der ber\u00fchmten Tour der kroatischen naiven Kunst aus, die in den 1970er Jahren die Welt eroberte. Er ist Tr\u00e4ger zahlreicher Auszeichnungen, ist in allen Monographien der kroatischen Naivmalerei vertreten und gilt als einer der bedeutendsten kroatischen Naivmaler.<\/p>\n","protected":false},"excerpt":{"rendered":"<p>Mijo Kova\u010di\u0107 \u2013 Masken, Malerei auf Glas (\u00d6l auf Glas), signiert und datiert, 1970, Originalrahmen. Abmessungen: 70 x 80 cm, (+ Rahmen). Mijo Kova\u010di\u0107 (Gornja \u0161uma, 1935 \u2013 2020) ist einer der bedeutendsten kroatischen Naivmaler. Schon als Kind zeigte er ein au\u00dfergew\u00f6hnliches Talent f\u00fcr die Malerei, eine weitere Ausbildung konnte ihm seine Familie jedoch nicht [&hellip;]<\/p>\n","protected":false},"featured_media":13141,"template":"","meta":{"_et_pb_use_builder":"","_et_pb_old_content":"","_et_gb_content_width":""},"product_brand":[],"product_cat":[217,88],"product_tag":[364],"class_list":{"0":"post-13150","1":"product","2":"type-product","3":"status-publish","4":"has-post-thumbnail","6":"product_cat-naive-kunst-ex-yu","7":"product_cat-umetniniska-dela-slovenskih-avtorjev","8":"product_tag-mijo-kovacic-de","9":"product_shipping_class-vecji-predmeti-de","11":"first","12":"outofstock","13":"shipping-taxable","14":"product-type-simple"},"_links":{"self":[{"href":"https:\/\/antika-lipovec.si\/de\/wp-json\/wp\/v2\/product\/13150","targetHints":{"allow":["GET"]}}],"collection":[{"href":"https:\/\/antika-lipovec.si\/de\/wp-json\/wp\/v2\/product"}],"about":[{"href":"https:\/\/antika-lipovec.si\/de\/wp-json\/wp\/v2\/types\/product"}],"wp:featuredmedia":[{"embeddable":true,"href":"https:\/\/antika-lipovec.si\/de\/wp-json\/wp\/v2\/media\/13141"}],"wp:attachment":[{"href":"https:\/\/antika-lipovec.si\/de\/wp-json\/wp\/v2\/media?parent=13150"}],"wp:term":[{"taxonomy":"product_brand","embeddable":true,"href":"https:\/\/antika-lipovec.si\/de\/wp-json\/wp\/v2\/product_brand?post=13150"},{"taxonomy":"product_cat","embeddable":true,"href":"https:\/\/antika-lipovec.si\/de\/wp-json\/wp\/v2\/product_cat?post=13150"},{"taxonomy":"product_tag","embeddable":true,"href":"https:\/\/antika-lipovec.si\/de\/wp-json\/wp\/v2\/product_tag?post=13150"}],"curies":[{"name":"wp","href":"https:\/\/api.w.org\/{rel}","templated":true}]}}