{"id":13106,"date":"2024-08-10T09:44:22","date_gmt":"2024-08-10T09:44:22","guid":{"rendered":"https:\/\/antika-lipovec.si\/trgovina\/nekategorizirano\/ivan-stefanek-sommer-oel-auf-glas\/"},"modified":"2025-12-05T10:39:55","modified_gmt":"2025-12-05T10:39:55","slug":"ivan-stefanek-sommer-oel-auf-glas","status":"publish","type":"product","link":"https:\/\/antika-lipovec.si\/de\/trgovina\/kunstwerke\/naive-kunst-ex-yu\/ivan-stefanek-sommer-oel-auf-glas\/","title":{"rendered":"Ivan \u0160tefanek, Sommer, \u00d6l auf Glas"},"content":{"rendered":"<p>Ivan \u0160tefanek, Sommer, \u00d6l auf Glas, Jahr 1993, unten rechts signiert und datiert, gerahmt, Ma\u00dfe: 50 x 45 cm (+ Rahmen 15 cm).<\/p>\n<p>IVAN \u0160TEFANEK, Maler idyllischer Landschaften&#8230; Er wurde am 30. M\u00e4rz 1942 in Zagorje, Kroatien, geboren. Er malt seit 1965. Er begann auf Hartfaserplatten und Leinwand zu malen, doch als er zum ersten Mal die Gem\u00e4lde von Ivan Generali\u0107 sah, entschied er sich f\u00fcr die Verwendung von Glas. Er wurde von Ivan Lackovi\u0107-Croata und Dragan Ga\u017ei trainiert. Er hatte mehrere Einzel- und mehr als hundert Gruppenausstellungen im In- und Ausland. Ivan \u0160tefanek ist ein Maler, der zum Kreis der Hlebin-Schule geh\u00f6rt, sich aber in seinem Ausdruck in vielerlei Hinsicht unterscheidet. Diese Besonderheit zeigt sich am deutlichsten in den Farben, die sich von denen der Podravina-Maler unterscheiden (sie \u00e4hneln denen von Rabuzin) und in den scharfen Pinselstrichen. Thematisch ist es sehr vielf\u00e4ltig und die Farbharmonie zeugt von einem Maler, der die ihn umgebende Natur liebt und all ihre Verspieltheit bietet, aber seine Hauptthemen sind Landschaften mit Wasser, V\u00f6geln und anderen Tieren. Ein Bild einer Landschaft, die es fast nicht mehr gibt. Ivan \u0160tefanek schuf seinen eigenen Stil und ist Liebhabern des Naiven als Maler idyllischer Landschaften bekannt. In seinen Bildern ist es, als sei das irdische Paradies wieder zur\u00fcckgekehrt.<\/p>\n","protected":false},"excerpt":{"rendered":"<p>Ivan \u0160tefanek, Sommer, \u00d6l auf Glas<\/p>\n","protected":false},"featured_media":13100,"template":"","meta":{"_et_pb_use_builder":"","_et_pb_old_content":"","_et_gb_content_width":""},"product_brand":[],"product_cat":[217],"product_tag":[],"class_list":{"0":"post-13106","1":"product","2":"type-product","3":"status-publish","4":"has-post-thumbnail","6":"product_cat-naive-kunst-ex-yu","8":"first","9":"instock","10":"sale","11":"shipping-taxable","12":"purchasable","13":"product-type-simple"},"_links":{"self":[{"href":"https:\/\/antika-lipovec.si\/de\/wp-json\/wp\/v2\/product\/13106","targetHints":{"allow":["GET"]}}],"collection":[{"href":"https:\/\/antika-lipovec.si\/de\/wp-json\/wp\/v2\/product"}],"about":[{"href":"https:\/\/antika-lipovec.si\/de\/wp-json\/wp\/v2\/types\/product"}],"wp:featuredmedia":[{"embeddable":true,"href":"https:\/\/antika-lipovec.si\/de\/wp-json\/wp\/v2\/media\/13100"}],"wp:attachment":[{"href":"https:\/\/antika-lipovec.si\/de\/wp-json\/wp\/v2\/media?parent=13106"}],"wp:term":[{"taxonomy":"product_brand","embeddable":true,"href":"https:\/\/antika-lipovec.si\/de\/wp-json\/wp\/v2\/product_brand?post=13106"},{"taxonomy":"product_cat","embeddable":true,"href":"https:\/\/antika-lipovec.si\/de\/wp-json\/wp\/v2\/product_cat?post=13106"},{"taxonomy":"product_tag","embeddable":true,"href":"https:\/\/antika-lipovec.si\/de\/wp-json\/wp\/v2\/product_tag?post=13106"}],"curies":[{"name":"wp","href":"https:\/\/api.w.org\/{rel}","templated":true}]}}