{"id":13072,"date":"2024-09-04T08:39:29","date_gmt":"2024-09-04T08:39:29","guid":{"rendered":"https:\/\/antika-lipovec.si\/trgovina\/nekategorizirano\/maks-kozelj-kamnik-savinja-alpen-oel-auf-leinwand\/"},"modified":"2024-09-04T08:39:29","modified_gmt":"2024-09-04T08:39:29","slug":"maks-kozelj-kamnik-savinja-alpen-oel-auf-leinwand","status":"publish","type":"product","link":"https:\/\/antika-lipovec.si\/de\/trgovina\/kunstwerke\/kunstwerke-slowenische-kuenstler\/maks-kozelj-kamnik-savinja-alpen-oel-auf-leinwand\/","title":{"rendered":"Maks Ko\u017eelj, Kamnik-Savinja-Alpen, \u00d6l auf Leinwand"},"content":{"rendered":"<p>Maks Ko\u017eelj, Kamnik-Savinja-Alpen, \u00d6l auf Leinwand, unten links signiert und datiert, Jahr 1939, gerahmt. Ma\u00dfe: 78 x 67 cm (+ Rahmen 8 cm).<\/p>\n<p>Maks Ko\u017eelj (1883\u20131956) stammte aus einer Malerfamilie aus Kamnik. Au\u00dfer ihm malten auch sein Vater Matija Ko\u017eelj und sein \u00e4lterer Bruder Anton. Es gibt nur wenige Autoren, deren umfangreiches Oeuvre von so viel Liebe zu den Bergen zeugt und von der Kenntnis und realistischen Darstellung aller gemalten Ansichten der m\u00e4chtigen Gipfel, die der Maler selbst bestiegen hat. Seine zahlreichen Darstellungen der Stadt Kamnik und des pr\u00e4chtigen Grintovci finden sich in hervorragenden Aquarellen und in der \u00d6ltechnik wieder; immer in einer reichen Farbskala, auf der Suche nach immer neuem Licht (am n\u00e4chsten war ihm die Berglandschaft, beleuchtet von der Morgensonne oder im Abendglanz) und malerischen Motiven. (<a href=\"https:\/\/www.muzej-kamnik-on.net\/maks-kozelj-o-pl-planine-z-ovckami-in-znamenjem-okoli-1935\/\">https:\/\/www. muzej-kamnik-on.net\/maks-kozelj-o-pl-planine-z-ovckami-in-znamenjem-okoli-1935\/<\/a>)<\/p>\n","protected":false},"excerpt":{"rendered":"<p>Maks Ko\u017eelj, Kamnik-Savinja-Alpen, \u00d6l auf Leinwand, unten links signiert und datiert, Jahr 1939, gerahmt. Ma\u00dfe: 78 x 67 cm (+ Rahmen 8 cm). Maks Ko\u017eelj (1883\u20131956) stammte aus einer Malerfamilie aus Kamnik. Au\u00dfer ihm malten auch sein Vater Matija Ko\u017eelj und sein \u00e4lterer Bruder Anton. Es gibt nur wenige Autoren, deren umfangreiches Oeuvre von so [&hellip;]<\/p>\n","protected":false},"featured_media":13002,"template":"","meta":{"_et_pb_use_builder":"","_et_pb_old_content":"","_et_gb_content_width":""},"product_brand":[],"product_cat":[90,219],"product_tag":[],"class_list":{"0":"post-13072","1":"product","2":"type-product","3":"status-publish","4":"has-post-thumbnail","6":"product_cat-kunstwerke-slowenische-kuenstler","7":"product_cat-schnaeppchenkauf","9":"first","10":"instock","11":"sale","12":"shipping-taxable","13":"purchasable","14":"product-type-simple"},"_links":{"self":[{"href":"https:\/\/antika-lipovec.si\/de\/wp-json\/wp\/v2\/product\/13072","targetHints":{"allow":["GET"]}}],"collection":[{"href":"https:\/\/antika-lipovec.si\/de\/wp-json\/wp\/v2\/product"}],"about":[{"href":"https:\/\/antika-lipovec.si\/de\/wp-json\/wp\/v2\/types\/product"}],"wp:featuredmedia":[{"embeddable":true,"href":"https:\/\/antika-lipovec.si\/de\/wp-json\/wp\/v2\/media\/13002"}],"wp:attachment":[{"href":"https:\/\/antika-lipovec.si\/de\/wp-json\/wp\/v2\/media?parent=13072"}],"wp:term":[{"taxonomy":"product_brand","embeddable":true,"href":"https:\/\/antika-lipovec.si\/de\/wp-json\/wp\/v2\/product_brand?post=13072"},{"taxonomy":"product_cat","embeddable":true,"href":"https:\/\/antika-lipovec.si\/de\/wp-json\/wp\/v2\/product_cat?post=13072"},{"taxonomy":"product_tag","embeddable":true,"href":"https:\/\/antika-lipovec.si\/de\/wp-json\/wp\/v2\/product_tag?post=13072"}],"curies":[{"name":"wp","href":"https:\/\/api.w.org\/{rel}","templated":true}]}}