{"id":13033,"date":"2024-11-28T09:26:34","date_gmt":"2024-11-28T09:26:34","guid":{"rendered":"https:\/\/antika-lipovec.si\/trgovina\/nekategorizirano\/schreibkommode-josephinischen-stil\/"},"modified":"2024-09-16T09:26:34","modified_gmt":"2024-09-16T09:26:34","slug":"schreibkommode-josephinischen-stil","status":"publish","type":"product","link":"https:\/\/antika-lipovec.si\/de\/trgovina\/antikes\/rrestaurierte-moebel-und-lampen\/schreibkommode-josephinischen-stil\/","title":{"rendered":"Schreibkommode, josephinischen Stil"},"content":{"rendered":"<p>Schreibkommode, sp\u00e4tes 18. Jahrhundert (geb. 1780), im josephinischen Stil, eingelegtes Walnussfurnier, originale Messinggriffe. In unserer Restaurierungswerkstatt restauriert. Abmessungen: 110 x 56 (33) x 123 (H) cm.<\/p>\n<p>Der Josephine-Stil ist die allgemein akzeptierte Bezeichnung f\u00fcr den Stil von 1780 bis 1810, tats\u00e4chlich handelt es sich jedoch um eine \u00f6sterreichische Lokalversion eines der neoklassizistischen Stile (mit starkem Einfluss des franz\u00f6sischen Neoklassizismus). Es wurde nach dem \u00f6sterreichischen Kaiser Joseph II. benannt, einem gro\u00dfen Reformisten dieser Zeit.<br \/>\nJozef-Stil<\/p>\n","protected":false},"excerpt":{"rendered":"<p>Schreibkommode, sp\u00e4tes 18. Jahrhundert (geb. 1780), im josephinischen Stil, eingelegtes Walnussfurnier, originale Messinggriffe. In unserer Restaurierungswerkstatt restauriert. Abmessungen: 110 x 56 (33) x 123 (H) cm. Der Josephine-Stil ist die allgemein akzeptierte Bezeichnung f\u00fcr den Stil von 1780 bis 1810, tats\u00e4chlich handelt es sich jedoch um eine \u00f6sterreichische Lokalversion eines der neoklassizistischen Stile (mit starkem [&hellip;]<\/p>\n","protected":false},"featured_media":13025,"template":"","meta":{"_et_pb_use_builder":"","_et_pb_old_content":"","_et_gb_content_width":""},"product_brand":[],"product_cat":[416,127],"product_tag":[],"class_list":{"0":"post-13033","1":"product","2":"type-product","3":"status-publish","4":"has-post-thumbnail","6":"product_cat-rrestaurierte-moebel-und-lampen","7":"product_cat-ugodni-nakupi","8":"product_shipping_class-vecji-predmeti-de","10":"first","11":"instock","12":"sale","13":"shipping-taxable","14":"purchasable","15":"product-type-simple"},"_links":{"self":[{"href":"https:\/\/antika-lipovec.si\/de\/wp-json\/wp\/v2\/product\/13033","targetHints":{"allow":["GET"]}}],"collection":[{"href":"https:\/\/antika-lipovec.si\/de\/wp-json\/wp\/v2\/product"}],"about":[{"href":"https:\/\/antika-lipovec.si\/de\/wp-json\/wp\/v2\/types\/product"}],"wp:featuredmedia":[{"embeddable":true,"href":"https:\/\/antika-lipovec.si\/de\/wp-json\/wp\/v2\/media\/13025"}],"wp:attachment":[{"href":"https:\/\/antika-lipovec.si\/de\/wp-json\/wp\/v2\/media?parent=13033"}],"wp:term":[{"taxonomy":"product_brand","embeddable":true,"href":"https:\/\/antika-lipovec.si\/de\/wp-json\/wp\/v2\/product_brand?post=13033"},{"taxonomy":"product_cat","embeddable":true,"href":"https:\/\/antika-lipovec.si\/de\/wp-json\/wp\/v2\/product_cat?post=13033"},{"taxonomy":"product_tag","embeddable":true,"href":"https:\/\/antika-lipovec.si\/de\/wp-json\/wp\/v2\/product_tag?post=13033"}],"curies":[{"name":"wp","href":"https:\/\/api.w.org\/{rel}","templated":true}]}}