{"id":13004,"date":"2024-09-06T09:15:08","date_gmt":"2024-09-06T09:15:08","guid":{"rendered":"https:\/\/antika-lipovec.si\/?post_type=product&#038;p=13004"},"modified":"2026-01-19T11:13:40","modified_gmt":"2026-01-19T11:13:40","slug":"andrej-pavlic-odhajajoci-olje-na-platno","status":"publish","type":"product","link":"https:\/\/antika-lipovec.si\/de\/trgovina\/kunstwerke\/kunstwerke-slowenische-kuenstler\/andrej-pavlic-odhajajoci-olje-na-platno\/","title":{"rendered":"Andrej Pavli\u010d \/ Odhajajo\u010di \/ olje na platno"},"content":{"rendered":"<p>Andrej Pavli\u010d, &#8222;Odhajajo\u010di&#8220;, olje na platno, signirano in datirano, leto 1996, dve sliki, mere: 51 x 26 cm (+ okvir 6 cm). Cena za kos: 390,00 eur, cena za par:\u00a0 750,00 eur.<\/p>\n<p>Rodil se je leta 1957 v Ljubljani. Leta 1981 je diplomiral iz slikarstva na Akademiji za likovno umetnost v Ljubljani. Kasneje se je slikarsko izpopolnjeval v Cit\u00e9 International des Arts v Parizu. Imel preko 100 samostojnih razstav doma in v tujini, za svoje delo pa je prejel \u0161tevilne nagrade (med njimi ve\u010d nagrad Ex tempore).<\/p>\n","protected":false},"excerpt":{"rendered":"<p>Andrej Pavli\u010d, olje na platno<\/p>\n","protected":false},"featured_media":13425,"template":"","meta":{"_et_pb_use_builder":"","_et_pb_old_content":"","_et_gb_content_width":""},"product_brand":[],"product_cat":[88],"product_tag":[396],"class_list":{"0":"post-13004","1":"product","2":"type-product","3":"status-publish","4":"has-post-thumbnail","6":"product_cat-umetniniska-dela-slovenskih-avtorjev","7":"product_tag-andrej-pavlic","8":"product_shipping_class-manjsi-predmeti","10":"first","11":"instock","12":"shipping-taxable","13":"purchasable","14":"product-type-simple"},"_links":{"self":[{"href":"https:\/\/antika-lipovec.si\/de\/wp-json\/wp\/v2\/product\/13004","targetHints":{"allow":["GET"]}}],"collection":[{"href":"https:\/\/antika-lipovec.si\/de\/wp-json\/wp\/v2\/product"}],"about":[{"href":"https:\/\/antika-lipovec.si\/de\/wp-json\/wp\/v2\/types\/product"}],"wp:featuredmedia":[{"embeddable":true,"href":"https:\/\/antika-lipovec.si\/de\/wp-json\/wp\/v2\/media\/13425"}],"wp:attachment":[{"href":"https:\/\/antika-lipovec.si\/de\/wp-json\/wp\/v2\/media?parent=13004"}],"wp:term":[{"taxonomy":"product_brand","embeddable":true,"href":"https:\/\/antika-lipovec.si\/de\/wp-json\/wp\/v2\/product_brand?post=13004"},{"taxonomy":"product_cat","embeddable":true,"href":"https:\/\/antika-lipovec.si\/de\/wp-json\/wp\/v2\/product_cat?post=13004"},{"taxonomy":"product_tag","embeddable":true,"href":"https:\/\/antika-lipovec.si\/de\/wp-json\/wp\/v2\/product_tag?post=13004"}],"curies":[{"name":"wp","href":"https:\/\/api.w.org\/{rel}","templated":true}]}}