{"id":12925,"date":"2024-08-09T10:25:23","date_gmt":"2024-08-09T10:25:23","guid":{"rendered":"https:\/\/antika-lipovec.si\/trgovina\/nekategorizirano\/joze-peternelj-mausar-winterlandschaft-oel-auf-plexiglas\/"},"modified":"2024-08-09T10:25:23","modified_gmt":"2024-08-09T10:25:23","slug":"joze-peternelj-mausar-winterlandschaft-oel-auf-plexiglas","status":"publish","type":"product","link":"https:\/\/antika-lipovec.si\/de\/trgovina\/kunstwerke\/naive-kunst-ex-yu\/joze-peternelj-mausar-winterlandschaft-oel-auf-plexiglas\/","title":{"rendered":"Jo\u017ee Peternelj Mausar \/ Winterlandschaft, \u00d6l auf Plexiglas"},"content":{"rendered":"<p>Jo\u017ee Peternelj Mausar \/ Winterlandschaft, \u00d6l auf Plexiglas, signiert, Jahr 1976, sch\u00f6n gerahmt. Ma\u00dfe: 70 x 50 cm (+ Rahmen 8 cm).<\/p>\n<p>Mausar ist einer der bekanntesten Vertreter unserer einheimischen oder naiven Malerei. Er schuf mehrere tausend Gem\u00e4lde in \u00d6l auf Leinwand und Glas, in denen die Helden seiner Geschichten, kleine Leute, Dorfbewohner aus seiner Jugend, Bauern und Dorfspezialit\u00e4ten aus seiner Heimatstadt \u017dirovski kot am Ende des Poljanska dolina in einem kleinen Bild dargestellt sind karikierter Stil. Mausar enthielt Motive aus Erinnerungen an Kindheitserlebnisse, Ereignisse aus der vergangenen und halbvergangenen Geschichte, die sich in der b\u00e4uerlichen Welt traditioneller Br\u00e4uche voller Leid, Freude und Sehnsucht abspielten.<\/p>\n","protected":false},"excerpt":{"rendered":"<p>Jo\u017ee Peternelj Mausar \/ Winterlandschaft, \u00d6l auf Plexiglas, signiert, Jahr 1976, sch\u00f6n gerahmt. Ma\u00dfe: 70 x 50 cm (+ Rahmen 8 cm). Mausar ist einer der bekanntesten Vertreter unserer einheimischen oder naiven Malerei. Er schuf mehrere tausend Gem\u00e4lde in \u00d6l auf Leinwand und Glas, in denen die Helden seiner Geschichten, kleine Leute, Dorfbewohner aus seiner [&hellip;]<\/p>\n","protected":false},"featured_media":12919,"template":"","meta":{"_et_pb_use_builder":"","_et_pb_old_content":"","_et_gb_content_width":""},"product_brand":[],"product_cat":[217,219,127],"product_tag":[],"class_list":{"0":"post-12925","1":"product","2":"type-product","3":"status-publish","4":"has-post-thumbnail","6":"product_cat-naive-kunst-ex-yu","7":"product_cat-schnaeppchenkauf","8":"product_cat-ugodni-nakupi","9":"product_shipping_class-vecji-predmeti-de","11":"first","12":"outofstock","13":"shipping-taxable","14":"product-type-simple"},"_links":{"self":[{"href":"https:\/\/antika-lipovec.si\/de\/wp-json\/wp\/v2\/product\/12925","targetHints":{"allow":["GET"]}}],"collection":[{"href":"https:\/\/antika-lipovec.si\/de\/wp-json\/wp\/v2\/product"}],"about":[{"href":"https:\/\/antika-lipovec.si\/de\/wp-json\/wp\/v2\/types\/product"}],"wp:featuredmedia":[{"embeddable":true,"href":"https:\/\/antika-lipovec.si\/de\/wp-json\/wp\/v2\/media\/12919"}],"wp:attachment":[{"href":"https:\/\/antika-lipovec.si\/de\/wp-json\/wp\/v2\/media?parent=12925"}],"wp:term":[{"taxonomy":"product_brand","embeddable":true,"href":"https:\/\/antika-lipovec.si\/de\/wp-json\/wp\/v2\/product_brand?post=12925"},{"taxonomy":"product_cat","embeddable":true,"href":"https:\/\/antika-lipovec.si\/de\/wp-json\/wp\/v2\/product_cat?post=12925"},{"taxonomy":"product_tag","embeddable":true,"href":"https:\/\/antika-lipovec.si\/de\/wp-json\/wp\/v2\/product_tag?post=12925"}],"curies":[{"name":"wp","href":"https:\/\/api.w.org\/{rel}","templated":true}]}}