{"id":12755,"date":"2024-05-23T10:51:15","date_gmt":"2024-05-23T10:51:15","guid":{"rendered":"https:\/\/antika-lipovec.si\/trgovina\/nekategorizirano\/joze-ciuha-humanist-mischtechnik-auf-plexiglas\/"},"modified":"2024-05-23T10:51:15","modified_gmt":"2024-05-23T10:51:15","slug":"joze-ciuha-humanist-mischtechnik-auf-plexiglas","status":"publish","type":"product","link":"https:\/\/antika-lipovec.si\/de\/trgovina\/kunstwerke\/kunstwerke-slowenische-kuenstler\/joze-ciuha-humanist-mischtechnik-auf-plexiglas\/","title":{"rendered":"Jo\u017ee Ciuha, Humanist, Mischtechnik auf Plexiglas"},"content":{"rendered":"<p>Jo\u017ee Ciuha, Humanist, Mischtechnik auf Plexiglas, signiert, 1969. Ma\u00dfe: 100 x 73 cm. Das Gem\u00e4lde wurde 1972 auf der Internationalen Biennale der Sch\u00f6nen K\u00fcnste in Frankreich gezeigt, wie die Stempel auf der R\u00fcckseite des Gem\u00e4ldes und eine Kopie des Biennale-Katalogs belegen, in dem das Gem\u00e4lde verzeichnet ist.<\/p>\n","protected":false},"excerpt":{"rendered":"<p>Joze Ciuha \/ Humanist<\/p>\n","protected":false},"featured_media":12753,"template":"","meta":{"_et_pb_use_builder":"","_et_pb_old_content":"","_et_gb_content_width":""},"product_brand":[],"product_cat":[90],"product_tag":[],"class_list":{"0":"post-12755","1":"product","2":"type-product","3":"status-publish","4":"has-post-thumbnail","6":"product_cat-kunstwerke-slowenische-kuenstler","7":"product_shipping_class-vecji-predmeti-de","9":"first","10":"instock","11":"shipping-taxable","12":"product-type-simple"},"_links":{"self":[{"href":"https:\/\/antika-lipovec.si\/de\/wp-json\/wp\/v2\/product\/12755","targetHints":{"allow":["GET"]}}],"collection":[{"href":"https:\/\/antika-lipovec.si\/de\/wp-json\/wp\/v2\/product"}],"about":[{"href":"https:\/\/antika-lipovec.si\/de\/wp-json\/wp\/v2\/types\/product"}],"wp:featuredmedia":[{"embeddable":true,"href":"https:\/\/antika-lipovec.si\/de\/wp-json\/wp\/v2\/media\/12753"}],"wp:attachment":[{"href":"https:\/\/antika-lipovec.si\/de\/wp-json\/wp\/v2\/media?parent=12755"}],"wp:term":[{"taxonomy":"product_brand","embeddable":true,"href":"https:\/\/antika-lipovec.si\/de\/wp-json\/wp\/v2\/product_brand?post=12755"},{"taxonomy":"product_cat","embeddable":true,"href":"https:\/\/antika-lipovec.si\/de\/wp-json\/wp\/v2\/product_cat?post=12755"},{"taxonomy":"product_tag","embeddable":true,"href":"https:\/\/antika-lipovec.si\/de\/wp-json\/wp\/v2\/product_tag?post=12755"}],"curies":[{"name":"wp","href":"https:\/\/api.w.org\/{rel}","templated":true}]}}