{"id":12680,"date":"2020-05-15T09:48:00","date_gmt":"2020-05-15T09:48:00","guid":{"rendered":"https:\/\/antika-lipovec.si\/?post_type=product&#038;p=12680"},"modified":"2024-05-15T09:48:22","modified_gmt":"2024-05-15T09:48:22","slug":"knjiga-mescansko-pohistvo-v-sv-sloveniji-od-16-do-zacetka-20-stoletja","status":"publish","type":"product","link":"https:\/\/antika-lipovec.si\/de\/trgovina\/der-rest\/buch-burgermobel-im-nordosten-sloweniens-vom-16-bis-anfang-des-20-jahrhunderts\/knjiga-mescansko-pohistvo-v-sv-sloveniji-od-16-do-zacetka-20-stoletja\/","title":{"rendered":"Knjiga\/ Me\u0161\u010dansko pohi\u0161tvo v SV Sloveniji od 16. do za\u010detka 20. stoletja"},"content":{"rendered":"<p>V publikaciji so kronolo\u0161ko razvr\u0161\u010deni stili pohi\u0161tva, ki so bili zna\u010dilni za na\u0161e kraje (predvsem SV Slovenije), z zna\u010dilnostmi izdelave pohi\u0161tva v razli\u010dnih obdobjih (v renesansi, baroku, klasicizmu, bidermajerju, historizmu in secesiji). Avtor publikacije je Toma\u017e Lipovec, sodni cenilec in izvedenec za uporabno umetnost \u2013 pohi\u0161tvo, restavrator in trgovec s starinami in umetninami ( z ve\u010d kot 30-letnimi izku\u0161njami). <\/p>\n","protected":false},"excerpt":{"rendered":"<p>Me\u0161\u010dansko pohi\u0161tvo v SV Sloveniji od 16. do za\u010detka 20. stoletja<\/p>\n","protected":false},"featured_media":128,"template":"","meta":{"_et_pb_use_builder":"","_et_pb_old_content":"","_et_gb_content_width":""},"product_brand":[],"product_cat":[375],"product_tag":[],"class_list":{"0":"post-12680","1":"product","2":"type-product","3":"status-publish","4":"has-post-thumbnail","6":"product_cat-knjiga-mescansko-pohistvo-v-sv-sloveniji-od-16-do-zacetka-20-stoletja","7":"product_shipping_class-manjsi-izdelki","9":"first","10":"instock","11":"shipping-taxable","12":"purchasable","13":"product-type-simple"},"_links":{"self":[{"href":"https:\/\/antika-lipovec.si\/de\/wp-json\/wp\/v2\/product\/12680","targetHints":{"allow":["GET"]}}],"collection":[{"href":"https:\/\/antika-lipovec.si\/de\/wp-json\/wp\/v2\/product"}],"about":[{"href":"https:\/\/antika-lipovec.si\/de\/wp-json\/wp\/v2\/types\/product"}],"wp:featuredmedia":[{"embeddable":true,"href":"https:\/\/antika-lipovec.si\/de\/wp-json\/wp\/v2\/media\/128"}],"wp:attachment":[{"href":"https:\/\/antika-lipovec.si\/de\/wp-json\/wp\/v2\/media?parent=12680"}],"wp:term":[{"taxonomy":"product_brand","embeddable":true,"href":"https:\/\/antika-lipovec.si\/de\/wp-json\/wp\/v2\/product_brand?post=12680"},{"taxonomy":"product_cat","embeddable":true,"href":"https:\/\/antika-lipovec.si\/de\/wp-json\/wp\/v2\/product_cat?post=12680"},{"taxonomy":"product_tag","embeddable":true,"href":"https:\/\/antika-lipovec.si\/de\/wp-json\/wp\/v2\/product_tag?post=12680"}],"curies":[{"name":"wp","href":"https:\/\/api.w.org\/{rel}","templated":true}]}}