{"id":12656,"date":"2024-04-23T08:29:23","date_gmt":"2024-04-23T08:29:23","guid":{"rendered":"https:\/\/antika-lipovec.si\/trgovina\/unkategorisiert\/franzoesischer-kronleuchter-jugendstil\/"},"modified":"2024-04-23T08:29:23","modified_gmt":"2024-04-23T08:29:23","slug":"franzoesischer-kronleuchter-jugendstil","status":"publish","type":"product","link":"https:\/\/antika-lipovec.si\/de\/trgovina\/antikes\/rrestaurierte-moebel-und-lampen\/franzoesischer-kronleuchter-jugendstil\/","title":{"rendered":"Franz\u00f6sischer Kronleuchter, Jugendstil"},"content":{"rendered":"<p>Franz\u00f6sischer Kronleuchter, Jugendstil, 1930er Jahre, Messing, original, farbiges Glas. Restauriert und neu elektrifiziert. Ma\u00dfe: Durchmesser ca.: 56 cm, L\u00e4nge: 78 cm.<\/p>\n","protected":false},"excerpt":{"rendered":"<p>Franz\u00f6sischer Kronleuchter, Jugendstil<\/p>\n","protected":false},"featured_media":12650,"template":"","meta":{"_et_pb_use_builder":"","_et_pb_old_content":"","_et_gb_content_width":""},"product_brand":[],"product_cat":[416],"product_tag":[242],"class_list":{"0":"post-12656","1":"product","2":"type-product","3":"status-publish","4":"has-post-thumbnail","6":"product_cat-rrestaurierte-moebel-und-lampen","7":"product_tag-jugendstil-de","9":"first","10":"instock","11":"shipping-taxable","12":"purchasable","13":"product-type-simple"},"_links":{"self":[{"href":"https:\/\/antika-lipovec.si\/de\/wp-json\/wp\/v2\/product\/12656","targetHints":{"allow":["GET"]}}],"collection":[{"href":"https:\/\/antika-lipovec.si\/de\/wp-json\/wp\/v2\/product"}],"about":[{"href":"https:\/\/antika-lipovec.si\/de\/wp-json\/wp\/v2\/types\/product"}],"wp:featuredmedia":[{"embeddable":true,"href":"https:\/\/antika-lipovec.si\/de\/wp-json\/wp\/v2\/media\/12650"}],"wp:attachment":[{"href":"https:\/\/antika-lipovec.si\/de\/wp-json\/wp\/v2\/media?parent=12656"}],"wp:term":[{"taxonomy":"product_brand","embeddable":true,"href":"https:\/\/antika-lipovec.si\/de\/wp-json\/wp\/v2\/product_brand?post=12656"},{"taxonomy":"product_cat","embeddable":true,"href":"https:\/\/antika-lipovec.si\/de\/wp-json\/wp\/v2\/product_cat?post=12656"},{"taxonomy":"product_tag","embeddable":true,"href":"https:\/\/antika-lipovec.si\/de\/wp-json\/wp\/v2\/product_tag?post=12656"}],"curies":[{"name":"wp","href":"https:\/\/api.w.org\/{rel}","templated":true}]}}