{"id":12601,"date":"2024-03-08T10:57:19","date_gmt":"2024-03-08T10:57:19","guid":{"rendered":"https:\/\/antika-lipovec.si\/trgovina\/unkategorisiert\/essig-und-oelset\/"},"modified":"2024-03-08T10:57:19","modified_gmt":"2024-03-08T10:57:19","slug":"essig-und-oelset","status":"publish","type":"product","link":"https:\/\/antika-lipovec.si\/de\/trgovina\/antikes\/sonst\/essig-und-oelset\/","title":{"rendered":"Essig- und \u00d6lset"},"content":{"rendered":"<p>Essig- und \u00d6lset, Anfang des 20. Jahrhunderts, versilberter Messingst\u00e4nder, Kristall, geschliffene Glasflaschen. Keine Verletzungen. Abmessungen: 22 x 13 x 18 (H) cm.<\/p>\n","protected":false},"excerpt":{"rendered":"<p>Essig- und \u00d6lset, Anfang des 20. Jahrhunderts, versilberter Messingst\u00e4nder, Kristall, geschliffene Glasflaschen. Keine Verletzungen. Abmessungen: 22 x 13 x 18 (H) cm.<\/p>\n","protected":false},"featured_media":12524,"template":"","meta":{"_et_pb_use_builder":"","_et_pb_old_content":"","_et_gb_content_width":""},"product_brand":[],"product_cat":[100],"product_tag":[],"class_list":{"0":"post-12601","1":"product","2":"type-product","3":"status-publish","4":"has-post-thumbnail","6":"product_cat-sonst","8":"first","9":"instock","10":"shipping-taxable","11":"purchasable","12":"product-type-simple"},"_links":{"self":[{"href":"https:\/\/antika-lipovec.si\/de\/wp-json\/wp\/v2\/product\/12601","targetHints":{"allow":["GET"]}}],"collection":[{"href":"https:\/\/antika-lipovec.si\/de\/wp-json\/wp\/v2\/product"}],"about":[{"href":"https:\/\/antika-lipovec.si\/de\/wp-json\/wp\/v2\/types\/product"}],"wp:featuredmedia":[{"embeddable":true,"href":"https:\/\/antika-lipovec.si\/de\/wp-json\/wp\/v2\/media\/12524"}],"wp:attachment":[{"href":"https:\/\/antika-lipovec.si\/de\/wp-json\/wp\/v2\/media?parent=12601"}],"wp:term":[{"taxonomy":"product_brand","embeddable":true,"href":"https:\/\/antika-lipovec.si\/de\/wp-json\/wp\/v2\/product_brand?post=12601"},{"taxonomy":"product_cat","embeddable":true,"href":"https:\/\/antika-lipovec.si\/de\/wp-json\/wp\/v2\/product_cat?post=12601"},{"taxonomy":"product_tag","embeddable":true,"href":"https:\/\/antika-lipovec.si\/de\/wp-json\/wp\/v2\/product_tag?post=12601"}],"curies":[{"name":"wp","href":"https:\/\/api.w.org\/{rel}","templated":true}]}}