{"id":12444,"date":"2023-12-21T09:19:57","date_gmt":"2023-12-21T09:19:57","guid":{"rendered":"https:\/\/antika-lipovec.si\/trgovina\/unkategorisiert\/martin-mehkek-winter\/"},"modified":"2024-04-05T09:38:53","modified_gmt":"2024-04-05T09:38:53","slug":"martin-mehkek-winter","status":"publish","type":"product","link":"https:\/\/antika-lipovec.si\/de\/trgovina\/kunstwerke\/naive-kunst-ex-yu\/martin-mehkek-winter\/","title":{"rendered":"Martin Mehkek \/ Winter"},"content":{"rendered":"<p>Martin Mehkek \/ Winter, \u00d6l auf Glas, signiert, Jahr 1967, gerahmt, Ma\u00dfe: 49 x 43 cm (Ma\u00dfe mit Rahmen: 64 x 57 cm).<\/p>\n","protected":false},"excerpt":{"rendered":"<p>Martin Mehkek \/ Winter<\/p>\n","protected":false},"featured_media":12285,"template":"","meta":{"_et_pb_use_builder":"","_et_pb_old_content":"","_et_gb_content_width":""},"product_brand":[],"product_cat":[217],"product_tag":[356,443],"class_list":{"0":"post-12444","1":"product","2":"type-product","3":"status-publish","4":"has-post-thumbnail","6":"product_cat-naive-kunst-ex-yu","7":"product_tag-martin-mehkek-de","8":"product_tag-naive-art-de","10":"first","11":"instock","12":"sale","13":"shipping-taxable","14":"purchasable","15":"product-type-simple"},"_links":{"self":[{"href":"https:\/\/antika-lipovec.si\/de\/wp-json\/wp\/v2\/product\/12444","targetHints":{"allow":["GET"]}}],"collection":[{"href":"https:\/\/antika-lipovec.si\/de\/wp-json\/wp\/v2\/product"}],"about":[{"href":"https:\/\/antika-lipovec.si\/de\/wp-json\/wp\/v2\/types\/product"}],"wp:featuredmedia":[{"embeddable":true,"href":"https:\/\/antika-lipovec.si\/de\/wp-json\/wp\/v2\/media\/12285"}],"wp:attachment":[{"href":"https:\/\/antika-lipovec.si\/de\/wp-json\/wp\/v2\/media?parent=12444"}],"wp:term":[{"taxonomy":"product_brand","embeddable":true,"href":"https:\/\/antika-lipovec.si\/de\/wp-json\/wp\/v2\/product_brand?post=12444"},{"taxonomy":"product_cat","embeddable":true,"href":"https:\/\/antika-lipovec.si\/de\/wp-json\/wp\/v2\/product_cat?post=12444"},{"taxonomy":"product_tag","embeddable":true,"href":"https:\/\/antika-lipovec.si\/de\/wp-json\/wp\/v2\/product_tag?post=12444"}],"curies":[{"name":"wp","href":"https:\/\/api.w.org\/{rel}","templated":true}]}}