{"id":12394,"date":"2024-01-24T11:38:50","date_gmt":"2024-01-24T11:38:50","guid":{"rendered":"https:\/\/antika-lipovec.si\/trgovina\/unkategorisiert\/johann-georg-seitz-stillleben-mit-fruechten\/"},"modified":"2024-04-05T09:37:39","modified_gmt":"2024-04-05T09:37:39","slug":"johann-georg-seitz-stillleben-mit-fruechten","status":"publish","type":"product","link":"https:\/\/antika-lipovec.si\/de\/trgovina\/kunstwerke\/kunstwerke-slowenische-kuenstler\/johann-georg-seitz-stillleben-mit-fruechten\/","title":{"rendered":"Johann Georg Seitz \/ Stillleben mit Fr\u00fcchten"},"content":{"rendered":"<p>Johann Georg Seitz (1810 &#8211; 1870), Stillleben mit Fr\u00fcchten, \u00d6l auf Leinwand, Mitte 19. Jahrhundert (ca. 1840), Originalrahmen, das Gem\u00e4lde wurde restauriert. Ma\u00dfe ohne Rahmen: 67 x 56 cm (+ Rahmen 11 cm).<\/p>\n<p>Laut alter Literatur wurde er 1810 in N\u00fcrnberg und laut Heinz Sch\u00f6ny in Wien geboren, wo er 1870 starb. Maler von Blumenstillleben, Stillleben mit Fr\u00fcchten und Stillleben mit Fr\u00fcchten und V\u00f6geln. Er malte auf Holz und Leinwand. Er war vermutlich Sch\u00fcler der Wiener Akademie. Er stellte auf ihren Ausstellungen 1830 und 1842 aus<\/p>\n","protected":false},"excerpt":{"rendered":"<p>Johann Georg Seitz \/ Stillleben mit Fr\u00fcchten \/ \u00d6l auf Leinwand<\/p>\n","protected":false},"featured_media":12392,"template":"","meta":{"_et_pb_use_builder":"","_et_pb_old_content":"","_et_gb_content_width":""},"product_brand":[],"product_cat":[88],"product_tag":[355],"class_list":{"0":"post-12394","1":"product","2":"type-product","3":"status-publish","4":"has-post-thumbnail","6":"product_cat-umetniniska-dela-slovenskih-avtorjev","7":"product_tag-johann-georg-seitz-de","8":"product_shipping_class-vecji-predmeti-de","10":"first","11":"outofstock","12":"shipping-taxable","13":"product-type-simple"},"_links":{"self":[{"href":"https:\/\/antika-lipovec.si\/de\/wp-json\/wp\/v2\/product\/12394","targetHints":{"allow":["GET"]}}],"collection":[{"href":"https:\/\/antika-lipovec.si\/de\/wp-json\/wp\/v2\/product"}],"about":[{"href":"https:\/\/antika-lipovec.si\/de\/wp-json\/wp\/v2\/types\/product"}],"wp:featuredmedia":[{"embeddable":true,"href":"https:\/\/antika-lipovec.si\/de\/wp-json\/wp\/v2\/media\/12392"}],"wp:attachment":[{"href":"https:\/\/antika-lipovec.si\/de\/wp-json\/wp\/v2\/media?parent=12394"}],"wp:term":[{"taxonomy":"product_brand","embeddable":true,"href":"https:\/\/antika-lipovec.si\/de\/wp-json\/wp\/v2\/product_brand?post=12394"},{"taxonomy":"product_cat","embeddable":true,"href":"https:\/\/antika-lipovec.si\/de\/wp-json\/wp\/v2\/product_cat?post=12394"},{"taxonomy":"product_tag","embeddable":true,"href":"https:\/\/antika-lipovec.si\/de\/wp-json\/wp\/v2\/product_tag?post=12394"}],"curies":[{"name":"wp","href":"https:\/\/api.w.org\/{rel}","templated":true}]}}