{"id":12388,"date":"2024-01-25T10:47:13","date_gmt":"2024-01-25T10:47:13","guid":{"rendered":"https:\/\/antika-lipovec.si\/trgovina\/unkategorisiert\/jugendstil-tischlampe\/"},"modified":"2024-01-25T10:47:13","modified_gmt":"2024-01-25T10:47:13","slug":"jugendstil-tischlampe","status":"publish","type":"product","link":"https:\/\/antika-lipovec.si\/de\/trgovina\/antikes\/rrestaurierte-moebel-und-lampen\/jugendstil-tischlampe\/","title":{"rendered":"Jugendstil Tischlampe"},"content":{"rendered":"<p>ine au\u00dfergew\u00f6hnliche Tischlampe, hergestellt zu Beginn des 20. Jahrhunderts, im Jugendstil, mit f\u00fcr diese Zeit charakteristischen Ornamenten (phantasievolle Blumenmotive und elegante Wirbel). Messing, mit Glaseins\u00e4tzen.<br \/>\nRestauriert und neu elektrifiziert. Ma\u00dfe; Durchmesser 23 cm, H\u00f6he 40 cm.<\/p>\n","protected":false},"excerpt":{"rendered":"<p>ine au\u00dfergew\u00f6hnliche Tischlampe, hergestellt zu Beginn des 20. Jahrhunderts, im Jugendstil, mit f\u00fcr diese Zeit charakteristischen Ornamenten (phantasievolle Blumenmotive und elegante Wirbel). Messing, mit Glaseins\u00e4tzen. Restauriert und neu elektrifiziert. Ma\u00dfe; Durchmesser 23 cm, H\u00f6he 40 cm.<\/p>\n","protected":false},"featured_media":12380,"template":"","meta":{"_et_pb_use_builder":"","_et_pb_old_content":"","_et_gb_content_width":""},"product_brand":[],"product_cat":[416],"product_tag":[242],"class_list":{"0":"post-12388","1":"product","2":"type-product","3":"status-publish","4":"has-post-thumbnail","6":"product_cat-rrestaurierte-moebel-und-lampen","7":"product_tag-jugendstil-de","9":"first","10":"outofstock","11":"shipping-taxable","12":"product-type-simple"},"_links":{"self":[{"href":"https:\/\/antika-lipovec.si\/de\/wp-json\/wp\/v2\/product\/12388","targetHints":{"allow":["GET"]}}],"collection":[{"href":"https:\/\/antika-lipovec.si\/de\/wp-json\/wp\/v2\/product"}],"about":[{"href":"https:\/\/antika-lipovec.si\/de\/wp-json\/wp\/v2\/types\/product"}],"wp:featuredmedia":[{"embeddable":true,"href":"https:\/\/antika-lipovec.si\/de\/wp-json\/wp\/v2\/media\/12380"}],"wp:attachment":[{"href":"https:\/\/antika-lipovec.si\/de\/wp-json\/wp\/v2\/media?parent=12388"}],"wp:term":[{"taxonomy":"product_brand","embeddable":true,"href":"https:\/\/antika-lipovec.si\/de\/wp-json\/wp\/v2\/product_brand?post=12388"},{"taxonomy":"product_cat","embeddable":true,"href":"https:\/\/antika-lipovec.si\/de\/wp-json\/wp\/v2\/product_cat?post=12388"},{"taxonomy":"product_tag","embeddable":true,"href":"https:\/\/antika-lipovec.si\/de\/wp-json\/wp\/v2\/product_tag?post=12388"}],"curies":[{"name":"wp","href":"https:\/\/api.w.org\/{rel}","templated":true}]}}