{"id":12343,"date":"2024-01-17T09:43:18","date_gmt":"2024-01-17T09:43:18","guid":{"rendered":"https:\/\/antika-lipovec.si\/trgovina\/unkategorisiert\/bienenstockende-babji-mlin-frauenmuehle\/"},"modified":"2024-01-17T09:43:18","modified_gmt":"2024-01-17T09:43:18","slug":"bienenstockende-babji-mlin-frauenmuehle","status":"publish","type":"product","link":"https:\/\/antika-lipovec.si\/de\/trgovina\/kunstwerke\/kunstwerke-slowenische-kuenstler\/bienenstockende-babji-mlin-frauenmuehle\/","title":{"rendered":"Bienenstockende \u201eBabji mlin\u201c (Frauenm\u00fchle)"},"content":{"rendered":"<p>Bienenstockende \u201eBabji mlin\u201c, aus dem Jahr 1878, mit den Initialen J.K. (Name des Bienenstockbesitzers). Thematisch einer der interessanteren Bienenstockende, der an vielen Bienenst\u00e4nden verwendet wurde. Das Bild zeigt ein fantastisches Ger\u00e4t, das alte Frauen verj\u00fcngt&#8230; Abmessungen: 35 x 12 cm.<\/p>\n<p>\u201eEs handelt sich um ein Beispiel f\u00fcr eine hochwertigere Bemalung des Bienenstockendes, wie es von erfahrenen l\u00e4ndlichen Malern des Sp\u00e4tbarocks und Postbarocks in der Zeit zwischen 1770 und bis 1912 gemalt wurde, was durch die \u00e4ltesten und j\u00fcngsten auf diese Weise gemalten Enden bestimmt wird.\u201c . Nach Merkmalen wie der roten Umrisszeichnung handelt es sich um die Methode, die Augen so zu malen, dass dem dunklen Punkt f\u00fcr die Pupille ein wei\u00dfer Punkt f\u00fcr die Lederhaut hinzugef\u00fcgt wird, und zusammen mit dem Faltenwurf der Kleidung den Gesamteindruck zu ber\u00fccksichtigen und der Art, das Jahr zu schreiben, k\u00f6nnte es sich um eine Maltradition handeln, die am deutlichsten in der Malwerkstatt von Leopold Layer in Kranju geformt wurde\u201c (Bojana Rogelj \u0160kafar, Slowenisches Ethnografisches Museum)<\/p>\n","protected":false},"excerpt":{"rendered":"<p>Bienenstockende \u201eBabji mlin\u201c, aus dem Jahr 1878, mit den Initialen J.K. (Name des Bienenstockbesitzers). Thematisch einer der interessanteren Bienenstockende, der an vielen Bienenst\u00e4nden verwendet wurde. Das Bild zeigt ein fantastisches Ger\u00e4t, das alte Frauen verj\u00fcngt&#8230; Abmessungen: 35 x 12 cm. \u201eEs handelt sich um ein Beispiel f\u00fcr eine hochwertigere Bemalung des Bienenstockendes, wie es von [&hellip;]<\/p>\n","protected":false},"featured_media":12338,"template":"","meta":{"_et_pb_use_builder":"","_et_pb_old_content":"","_et_gb_content_width":""},"product_brand":[],"product_cat":[90,100,217],"product_tag":[],"class_list":{"0":"post-12343","1":"product","2":"type-product","3":"status-publish","4":"has-post-thumbnail","6":"product_cat-kunstwerke-slowenische-kuenstler","7":"product_cat-sonst","8":"product_cat-naive-kunst-ex-yu","10":"first","11":"outofstock","12":"shipping-taxable","13":"product-type-simple"},"_links":{"self":[{"href":"https:\/\/antika-lipovec.si\/de\/wp-json\/wp\/v2\/product\/12343","targetHints":{"allow":["GET"]}}],"collection":[{"href":"https:\/\/antika-lipovec.si\/de\/wp-json\/wp\/v2\/product"}],"about":[{"href":"https:\/\/antika-lipovec.si\/de\/wp-json\/wp\/v2\/types\/product"}],"wp:featuredmedia":[{"embeddable":true,"href":"https:\/\/antika-lipovec.si\/de\/wp-json\/wp\/v2\/media\/12338"}],"wp:attachment":[{"href":"https:\/\/antika-lipovec.si\/de\/wp-json\/wp\/v2\/media?parent=12343"}],"wp:term":[{"taxonomy":"product_brand","embeddable":true,"href":"https:\/\/antika-lipovec.si\/de\/wp-json\/wp\/v2\/product_brand?post=12343"},{"taxonomy":"product_cat","embeddable":true,"href":"https:\/\/antika-lipovec.si\/de\/wp-json\/wp\/v2\/product_cat?post=12343"},{"taxonomy":"product_tag","embeddable":true,"href":"https:\/\/antika-lipovec.si\/de\/wp-json\/wp\/v2\/product_tag?post=12343"}],"curies":[{"name":"wp","href":"https:\/\/api.w.org\/{rel}","templated":true}]}}