{"id":12323,"date":"2022-01-10T09:23:54","date_gmt":"2024-01-10T09:23:54","guid":{"rendered":"https:\/\/antika-lipovec.si\/trgovina\/unkategorisiert\/biedermeier-stuehle\/"},"modified":"2024-01-10T09:23:54","modified_gmt":"2024-01-10T09:23:54","slug":"biedermeier-stuehle","status":"publish","type":"product","link":"https:\/\/antika-lipovec.si\/de\/trgovina\/antikes\/rrestaurierte-moebel-und-lampen\/biedermeier-stuehle\/","title":{"rendered":"Biedermeier St\u00fchle"},"content":{"rendered":"<p>Herrliche Biedermeier St\u00fchle, hergestellt zu Beginn des 19. Jahrhunderts (ca. 1820), Walnussfurnier, mit charakteristischer R\u00fcckenlehne in F\u00e4cherform. Die St\u00fchle wurden in unserer Werkstatt restauriert und mit italienischem Stoff (1. Qualit\u00e4tsklasse) bezogen. Preis pro St\u00fcck.<\/p>\n","protected":false},"excerpt":{"rendered":"<p>Herrliche Biedermeier St\u00fchle, hergestellt zu Beginn des 19. Jahrhunderts (ca. 1820), Walnussfurnier, mit charakteristischer R\u00fcckenlehne in F\u00e4cherform. Die St\u00fchle wurden in unserer Werkstatt restauriert und mit italienischem Stoff (1. Qualit\u00e4tsklasse) bezogen. Preis pro St\u00fcck.<\/p>\n","protected":false},"featured_media":12318,"template":"","meta":{"_et_pb_use_builder":"","_et_pb_old_content":"","_et_gb_content_width":""},"product_brand":[],"product_cat":[416],"product_tag":[],"class_list":{"0":"post-12323","1":"product","2":"type-product","3":"status-publish","4":"has-post-thumbnail","6":"product_cat-rrestaurierte-moebel-und-lampen","7":"product_shipping_class-vecji-predmeti-de","9":"first","10":"outofstock","11":"shipping-taxable","12":"product-type-simple"},"_links":{"self":[{"href":"https:\/\/antika-lipovec.si\/de\/wp-json\/wp\/v2\/product\/12323","targetHints":{"allow":["GET"]}}],"collection":[{"href":"https:\/\/antika-lipovec.si\/de\/wp-json\/wp\/v2\/product"}],"about":[{"href":"https:\/\/antika-lipovec.si\/de\/wp-json\/wp\/v2\/types\/product"}],"wp:featuredmedia":[{"embeddable":true,"href":"https:\/\/antika-lipovec.si\/de\/wp-json\/wp\/v2\/media\/12318"}],"wp:attachment":[{"href":"https:\/\/antika-lipovec.si\/de\/wp-json\/wp\/v2\/media?parent=12323"}],"wp:term":[{"taxonomy":"product_brand","embeddable":true,"href":"https:\/\/antika-lipovec.si\/de\/wp-json\/wp\/v2\/product_brand?post=12323"},{"taxonomy":"product_cat","embeddable":true,"href":"https:\/\/antika-lipovec.si\/de\/wp-json\/wp\/v2\/product_cat?post=12323"},{"taxonomy":"product_tag","embeddable":true,"href":"https:\/\/antika-lipovec.si\/de\/wp-json\/wp\/v2\/product_tag?post=12323"}],"curies":[{"name":"wp","href":"https:\/\/api.w.org\/{rel}","templated":true}]}}