{"id":12253,"date":"2024-06-30T11:02:23","date_gmt":"2024-06-30T11:02:23","guid":{"rendered":"https:\/\/antika-lipovec.si\/trgovina\/unkategorisiert\/gabrijel-kolbic-liebe\/"},"modified":"2023-11-30T11:02:23","modified_gmt":"2023-11-30T11:02:23","slug":"gabrijel-kolbic-liebe","status":"publish","type":"product","link":"https:\/\/antika-lipovec.si\/de\/trgovina\/kunstwerke\/kunstwerke-slowenische-kuenstler\/gabrijel-kolbic-liebe\/","title":{"rendered":"Gabrijel Kolbi\u010d: Liebe"},"content":{"rendered":"<p>Gabrijel Kolbi\u010d: Liebe, eine Skulptur aus gebranntem Ton auf einem Holzsockel, l. 1975, signiert. H\u00f6he: 34 cm.<\/p>\n","protected":false},"excerpt":{"rendered":"<p>Gabrijel Kolbi\u010d: Liebe, eine Skulptur aus gebranntem Ton auf einem Holzsockel, l. 1975, signiert. H\u00f6he: 34 cm.<\/p>\n","protected":false},"featured_media":12224,"template":"","meta":{"_et_pb_use_builder":"","_et_pb_old_content":"","_et_gb_content_width":""},"product_brand":[],"product_cat":[90,127],"product_tag":[],"class_list":{"0":"post-12253","1":"product","2":"type-product","3":"status-publish","4":"has-post-thumbnail","6":"product_cat-kunstwerke-slowenische-kuenstler","7":"product_cat-ugodni-nakupi","9":"first","10":"instock","11":"sale","12":"shipping-taxable","13":"purchasable","14":"product-type-simple"},"_links":{"self":[{"href":"https:\/\/antika-lipovec.si\/de\/wp-json\/wp\/v2\/product\/12253","targetHints":{"allow":["GET"]}}],"collection":[{"href":"https:\/\/antika-lipovec.si\/de\/wp-json\/wp\/v2\/product"}],"about":[{"href":"https:\/\/antika-lipovec.si\/de\/wp-json\/wp\/v2\/types\/product"}],"wp:featuredmedia":[{"embeddable":true,"href":"https:\/\/antika-lipovec.si\/de\/wp-json\/wp\/v2\/media\/12224"}],"wp:attachment":[{"href":"https:\/\/antika-lipovec.si\/de\/wp-json\/wp\/v2\/media?parent=12253"}],"wp:term":[{"taxonomy":"product_brand","embeddable":true,"href":"https:\/\/antika-lipovec.si\/de\/wp-json\/wp\/v2\/product_brand?post=12253"},{"taxonomy":"product_cat","embeddable":true,"href":"https:\/\/antika-lipovec.si\/de\/wp-json\/wp\/v2\/product_cat?post=12253"},{"taxonomy":"product_tag","embeddable":true,"href":"https:\/\/antika-lipovec.si\/de\/wp-json\/wp\/v2\/product_tag?post=12253"}],"curies":[{"name":"wp","href":"https:\/\/api.w.org\/{rel}","templated":true}]}}