{"id":12115,"date":"2024-06-11T10:01:24","date_gmt":"2024-06-11T10:01:24","guid":{"rendered":"https:\/\/antika-lipovec.si\/trgovina\/unkategorisiert\/france-gorse-pieta\/"},"modified":"2023-10-11T10:01:24","modified_gmt":"2023-10-11T10:01:24","slug":"france-gorse-pieta","status":"publish","type":"product","link":"https:\/\/antika-lipovec.si\/de\/trgovina\/kunstwerke\/kunstwerke-slowenische-kuenstler\/france-gorse-pieta\/","title":{"rendered":"France Gor\u0161e: Pieta"},"content":{"rendered":"<p>France Gor\u0161e (1897 &#8211; 1986): Pieta, Bronze, signiert, Ma\u00dfe: 17 x 12 x 21 (h) cm. F. Gor\u0161e ist einer der bedeutendsten Vertreter der slowenischen modernistischen Bildhauerei.<\/p>\n","protected":false},"excerpt":{"rendered":"<p>France Gor\u0161e (1897 &#8211; 1986): Pieta, Bronze, signiert, Ma\u00dfe: 17 x 12 x 21 (h) cm. F. Gor\u0161e ist einer der bedeutendsten Vertreter der slowenischen modernistischen Bildhauerei.<\/p>\n","protected":false},"featured_media":12107,"template":"","meta":{"_et_pb_use_builder":"","_et_pb_old_content":"","_et_gb_content_width":""},"product_brand":[],"product_cat":[90,127],"product_tag":[],"class_list":{"0":"post-12115","1":"product","2":"type-product","3":"status-publish","4":"has-post-thumbnail","6":"product_cat-kunstwerke-slowenische-kuenstler","7":"product_cat-ugodni-nakupi","9":"first","10":"instock","11":"sale","12":"shipping-taxable","13":"purchasable","14":"product-type-simple"},"_links":{"self":[{"href":"https:\/\/antika-lipovec.si\/de\/wp-json\/wp\/v2\/product\/12115","targetHints":{"allow":["GET"]}}],"collection":[{"href":"https:\/\/antika-lipovec.si\/de\/wp-json\/wp\/v2\/product"}],"about":[{"href":"https:\/\/antika-lipovec.si\/de\/wp-json\/wp\/v2\/types\/product"}],"wp:featuredmedia":[{"embeddable":true,"href":"https:\/\/antika-lipovec.si\/de\/wp-json\/wp\/v2\/media\/12107"}],"wp:attachment":[{"href":"https:\/\/antika-lipovec.si\/de\/wp-json\/wp\/v2\/media?parent=12115"}],"wp:term":[{"taxonomy":"product_brand","embeddable":true,"href":"https:\/\/antika-lipovec.si\/de\/wp-json\/wp\/v2\/product_brand?post=12115"},{"taxonomy":"product_cat","embeddable":true,"href":"https:\/\/antika-lipovec.si\/de\/wp-json\/wp\/v2\/product_cat?post=12115"},{"taxonomy":"product_tag","embeddable":true,"href":"https:\/\/antika-lipovec.si\/de\/wp-json\/wp\/v2\/product_tag?post=12115"}],"curies":[{"name":"wp","href":"https:\/\/api.w.org\/{rel}","templated":true}]}}