{"id":12031,"date":"2023-08-21T08:29:14","date_gmt":"2023-08-21T08:29:14","guid":{"rendered":"https:\/\/antika-lipovec.si\/trgovina\/unkategorisiert\/anton-repnik-futterung-der-huhner\/"},"modified":"2023-08-21T08:29:14","modified_gmt":"2023-08-21T08:29:14","slug":"anton-repnik-futterung-der-huhner","status":"publish","type":"product","link":"https:\/\/antika-lipovec.si\/de\/trgovina\/kunstwerke\/kunstwerke-slowenische-kuenstler\/anton-repnik-futterung-der-huhner\/","title":{"rendered":"Anton Repnik: F\u00fctterung der H\u00fchner"},"content":{"rendered":"<p>Anton Repnik (1935 \u2013 2020): \u201eF\u00fctterung der H\u00fchner\u201c, \u00d6l auf Leinwand, l. 1985, signiert, gerahmt. Ma\u00dfe: 64 x 44 cm (+ Rahmen 2 cm).<\/p>\n<p>A. Repnik ist ein typischer Vertreter der slowenischen Naivmalerei. Er schuf ein schockierendes Bild eines einfachen Mannes mit einem charakteristischen Gesichtstyp, der proportional die gesamte Figur dominiert und zusammen mit stark \u00fcbergro\u00dfen H\u00e4nden und F\u00fc\u00dfen den Eindruck von Groteske vermittelt.<\/p>\n","protected":false},"excerpt":{"rendered":"<p>Anton Repnik (1935 \u2013 2020): \u201eF\u00fctterung der H\u00fchner\u201c, \u00d6l auf Leinwand, l. 1985, signiert, gerahmt. Ma\u00dfe: 64 x 44 cm (+ Rahmen 2 cm). A. Repnik ist ein typischer Vertreter der slowenischen Naivmalerei. Er schuf ein schockierendes Bild eines einfachen Mannes mit einem charakteristischen Gesichtstyp, der proportional die gesamte Figur dominiert und zusammen mit stark [&hellip;]<\/p>\n","protected":false},"featured_media":11933,"template":"","meta":{"_et_pb_use_builder":"","_et_pb_old_content":"","_et_gb_content_width":""},"product_brand":[],"product_cat":[90,217,127],"product_tag":[285],"class_list":{"0":"post-12031","1":"product","2":"type-product","3":"status-publish","4":"has-post-thumbnail","6":"product_cat-kunstwerke-slowenische-kuenstler","7":"product_cat-naive-kunst-ex-yu","8":"product_cat-ugodni-nakupi","9":"product_tag-naivna-umetnost","11":"first","12":"instock","13":"sale","14":"shipping-taxable","15":"purchasable","16":"product-type-simple"},"_links":{"self":[{"href":"https:\/\/antika-lipovec.si\/de\/wp-json\/wp\/v2\/product\/12031","targetHints":{"allow":["GET"]}}],"collection":[{"href":"https:\/\/antika-lipovec.si\/de\/wp-json\/wp\/v2\/product"}],"about":[{"href":"https:\/\/antika-lipovec.si\/de\/wp-json\/wp\/v2\/types\/product"}],"wp:featuredmedia":[{"embeddable":true,"href":"https:\/\/antika-lipovec.si\/de\/wp-json\/wp\/v2\/media\/11933"}],"wp:attachment":[{"href":"https:\/\/antika-lipovec.si\/de\/wp-json\/wp\/v2\/media?parent=12031"}],"wp:term":[{"taxonomy":"product_brand","embeddable":true,"href":"https:\/\/antika-lipovec.si\/de\/wp-json\/wp\/v2\/product_brand?post=12031"},{"taxonomy":"product_cat","embeddable":true,"href":"https:\/\/antika-lipovec.si\/de\/wp-json\/wp\/v2\/product_cat?post=12031"},{"taxonomy":"product_tag","embeddable":true,"href":"https:\/\/antika-lipovec.si\/de\/wp-json\/wp\/v2\/product_tag?post=12031"}],"curies":[{"name":"wp","href":"https:\/\/api.w.org\/{rel}","templated":true}]}}