{"id":12029,"date":"2023-08-21T08:48:49","date_gmt":"2023-08-21T08:48:49","guid":{"rendered":"https:\/\/antika-lipovec.si\/trgovina\/unkategorisiert\/konrad-peternelj-heimstatte\/"},"modified":"2023-08-21T08:48:49","modified_gmt":"2023-08-21T08:48:49","slug":"konrad-peternelj-heimstatte","status":"publish","type":"product","link":"https:\/\/antika-lipovec.si\/de\/trgovina\/kunstwerke\/kunstwerke-slowenische-kuenstler\/konrad-peternelj-heimstatte\/","title":{"rendered":"Konrad Peternelj: Heimst\u00e4tte"},"content":{"rendered":"<p>Konrad Peternelj (1936 &#8211; 2000): Heimst\u00e4tte, \u00d6l auf Hartfaserplatte, l. 1962?, sch\u00f6n gerahmt. Ma\u00dfe: 50,5 x 69,5 cm (Ma\u00dfe mit Rahmen: 81,5 x 61 cm).<\/p>\n","protected":false},"excerpt":{"rendered":"<p>Konrad Peternelj (1936 &#8211; 2000): Heimst\u00e4tte, \u00d6l auf Hartfaserplatte, l. 1962?, sch\u00f6n gerahmt. Ma\u00dfe: 50,5 x 69,5 cm (Ma\u00dfe mit Rahmen: 81,5 x 61 cm).<\/p>\n","protected":false},"featured_media":11939,"template":"","meta":{"_et_pb_use_builder":"","_et_pb_old_content":"","_et_gb_content_width":""},"product_brand":[],"product_cat":[90,217,127],"product_tag":[285],"class_list":{"0":"post-12029","1":"product","2":"type-product","3":"status-publish","4":"has-post-thumbnail","6":"product_cat-kunstwerke-slowenische-kuenstler","7":"product_cat-naive-kunst-ex-yu","8":"product_cat-ugodni-nakupi","9":"product_tag-naivna-umetnost","11":"first","12":"instock","13":"sale","14":"shipping-taxable","15":"purchasable","16":"product-type-simple"},"_links":{"self":[{"href":"https:\/\/antika-lipovec.si\/de\/wp-json\/wp\/v2\/product\/12029","targetHints":{"allow":["GET"]}}],"collection":[{"href":"https:\/\/antika-lipovec.si\/de\/wp-json\/wp\/v2\/product"}],"about":[{"href":"https:\/\/antika-lipovec.si\/de\/wp-json\/wp\/v2\/types\/product"}],"wp:featuredmedia":[{"embeddable":true,"href":"https:\/\/antika-lipovec.si\/de\/wp-json\/wp\/v2\/media\/11939"}],"wp:attachment":[{"href":"https:\/\/antika-lipovec.si\/de\/wp-json\/wp\/v2\/media?parent=12029"}],"wp:term":[{"taxonomy":"product_brand","embeddable":true,"href":"https:\/\/antika-lipovec.si\/de\/wp-json\/wp\/v2\/product_brand?post=12029"},{"taxonomy":"product_cat","embeddable":true,"href":"https:\/\/antika-lipovec.si\/de\/wp-json\/wp\/v2\/product_cat?post=12029"},{"taxonomy":"product_tag","embeddable":true,"href":"https:\/\/antika-lipovec.si\/de\/wp-json\/wp\/v2\/product_tag?post=12029"}],"curies":[{"name":"wp","href":"https:\/\/api.w.org\/{rel}","templated":true}]}}