{"id":12015,"date":"2023-08-30T08:29:04","date_gmt":"2023-08-30T08:29:04","guid":{"rendered":"https:\/\/antika-lipovec.si\/trgovina\/unkategorisiert\/anton-repnik-in-der-taverne\/"},"modified":"2023-08-30T08:29:04","modified_gmt":"2023-08-30T08:29:04","slug":"anton-repnik-in-der-taverne","status":"publish","type":"product","link":"https:\/\/antika-lipovec.si\/de\/trgovina\/kunstwerke\/kunstwerke-slowenische-kuenstler\/anton-repnik-in-der-taverne\/","title":{"rendered":"Anton Repnik: In der Taverne"},"content":{"rendered":"<p>Anton Repnik (1935 &#8211; 2020): \u201eIn der Taverne\u201c, \u00d6l auf Papier, l. 1986, signiert. Ma\u00dfe: 33 x 48 cm (gerahmt: 54 x 70 cm).<\/p>\n<p>A. Repnik ist ein typischer Vertreter der slowenischen Naivmalerei. Er schuf ein schockierendes Bild eines einfachen Mannes mit einem charakteristischen Gesichtstyp, der proportional die gesamte Figur dominiert und zusammen mit stark \u00fcbergro\u00dfen H\u00e4nden und F\u00fc\u00dfen den Eindruck von Groteske vermittelt.<\/p>\n","protected":false},"excerpt":{"rendered":"<p>Anton Repnik (1935 &#8211; 2020): \u201eIn der Taverne\u201c, \u00d6l auf Papier, l. 1986, signiert. Ma\u00dfe: 33 x 48 cm (gerahmt: 54 x 70 cm). A. Repnik ist ein typischer Vertreter der slowenischen Naivmalerei. Er schuf ein schockierendes Bild eines einfachen Mannes mit einem charakteristischen Gesichtstyp, der proportional die gesamte Figur dominiert und zusammen mit stark [&hellip;]<\/p>\n","protected":false},"featured_media":11995,"template":"","meta":{"_et_pb_use_builder":"","_et_pb_old_content":"","_et_gb_content_width":""},"product_brand":[],"product_cat":[90,217,219],"product_tag":[],"class_list":{"0":"post-12015","1":"product","2":"type-product","3":"status-publish","4":"has-post-thumbnail","6":"product_cat-kunstwerke-slowenische-kuenstler","7":"product_cat-naive-kunst-ex-yu","8":"product_cat-schnaeppchenkauf","10":"first","11":"instock","12":"sale","13":"shipping-taxable","14":"purchasable","15":"product-type-simple"},"_links":{"self":[{"href":"https:\/\/antika-lipovec.si\/de\/wp-json\/wp\/v2\/product\/12015","targetHints":{"allow":["GET"]}}],"collection":[{"href":"https:\/\/antika-lipovec.si\/de\/wp-json\/wp\/v2\/product"}],"about":[{"href":"https:\/\/antika-lipovec.si\/de\/wp-json\/wp\/v2\/types\/product"}],"wp:featuredmedia":[{"embeddable":true,"href":"https:\/\/antika-lipovec.si\/de\/wp-json\/wp\/v2\/media\/11995"}],"wp:attachment":[{"href":"https:\/\/antika-lipovec.si\/de\/wp-json\/wp\/v2\/media?parent=12015"}],"wp:term":[{"taxonomy":"product_brand","embeddable":true,"href":"https:\/\/antika-lipovec.si\/de\/wp-json\/wp\/v2\/product_brand?post=12015"},{"taxonomy":"product_cat","embeddable":true,"href":"https:\/\/antika-lipovec.si\/de\/wp-json\/wp\/v2\/product_cat?post=12015"},{"taxonomy":"product_tag","embeddable":true,"href":"https:\/\/antika-lipovec.si\/de\/wp-json\/wp\/v2\/product_tag?post=12015"}],"curies":[{"name":"wp","href":"https:\/\/api.w.org\/{rel}","templated":true}]}}