{"id":11844,"date":"2023-06-22T09:18:33","date_gmt":"2023-06-27T09:18:33","guid":{"rendered":"https:\/\/antika-lipovec.si\/trgovina\/unkategorisiert\/schmuckschatulle-aus-glas\/"},"modified":"2023-06-27T09:18:33","modified_gmt":"2023-06-27T09:18:33","slug":"schmuckschatulle-aus-glas","status":"publish","type":"product","link":"https:\/\/antika-lipovec.si\/de\/trgovina\/antikes\/sonst\/schmuckschatulle-aus-glas\/","title":{"rendered":"Schmuckschatulle aus Glas"},"content":{"rendered":"<p>Schmuckschatulle, Anfang des 20. Jahrhunderts, Kristallglas. Handbemalte rubinrote Glasabdeckung, klarer Glasboden, vergoldeter Rand. Sehr sch\u00f6n erhalten.<\/p>\n<p>Ma\u00dfe; Durchmesser 16 cm, H\u00f6he: 7 cm.<\/p>\n","protected":false},"excerpt":{"rendered":"<p>Schmuckschatulle, Anfang des 20. Jahrhunderts, Kristallglas. Handbemalte rubinrote Glasabdeckung, klarer Glasboden, vergoldeter Rand. Sehr sch\u00f6n erhalten. Ma\u00dfe; Durchmesser 16 cm, H\u00f6he: 7 cm.<\/p>\n","protected":false},"featured_media":11832,"template":"","meta":{"_et_pb_use_builder":"","_et_pb_old_content":"","_et_gb_content_width":""},"product_brand":[],"product_cat":[100],"product_tag":[],"class_list":{"0":"post-11844","1":"product","2":"type-product","3":"status-publish","4":"has-post-thumbnail","6":"product_cat-sonst","8":"first","9":"instock","10":"shipping-taxable","11":"purchasable","12":"product-type-simple"},"_links":{"self":[{"href":"https:\/\/antika-lipovec.si\/de\/wp-json\/wp\/v2\/product\/11844","targetHints":{"allow":["GET"]}}],"collection":[{"href":"https:\/\/antika-lipovec.si\/de\/wp-json\/wp\/v2\/product"}],"about":[{"href":"https:\/\/antika-lipovec.si\/de\/wp-json\/wp\/v2\/types\/product"}],"wp:featuredmedia":[{"embeddable":true,"href":"https:\/\/antika-lipovec.si\/de\/wp-json\/wp\/v2\/media\/11832"}],"wp:attachment":[{"href":"https:\/\/antika-lipovec.si\/de\/wp-json\/wp\/v2\/media?parent=11844"}],"wp:term":[{"taxonomy":"product_brand","embeddable":true,"href":"https:\/\/antika-lipovec.si\/de\/wp-json\/wp\/v2\/product_brand?post=11844"},{"taxonomy":"product_cat","embeddable":true,"href":"https:\/\/antika-lipovec.si\/de\/wp-json\/wp\/v2\/product_cat?post=11844"},{"taxonomy":"product_tag","embeddable":true,"href":"https:\/\/antika-lipovec.si\/de\/wp-json\/wp\/v2\/product_tag?post=11844"}],"curies":[{"name":"wp","href":"https:\/\/api.w.org\/{rel}","templated":true}]}}