{"id":11712,"date":"2021-06-14T11:00:18","date_gmt":"2021-06-14T11:00:18","guid":{"rendered":"https:\/\/antika-lipovec.si\/?post_type=product&#038;p=11712"},"modified":"2024-05-15T10:05:09","modified_gmt":"2024-05-15T10:05:09","slug":"tapetnisko-blago-rubino-dvojna-sirina-280-cm","status":"publish","type":"product","link":"https:\/\/antika-lipovec.si\/de\/trgovina\/der-rest\/polsterstoff\/tapetnisko-blago-rubino-dvojna-sirina-280-cm\/","title":{"rendered":"Tapetni\u0161ko blago I, dvojna \u0161irina (280 cm)"},"content":{"rendered":"<p>Kvalitetno tapetni\u0161ko blago, poreklo Italija, sestava: 57% bomba\u017e, 43% poliester, <strong>\u0161irina: 280cm, <\/strong>v razli\u010dnih vzorcih in barvnih odtenkih. Po naro\u010dilu (dobava 7 &#8211; 14 dni). Cena: 90,00 eur\/tm + ddv<\/p>\n<p>Vzorci blaga so na voljo v na\u0161i prodajalni.<\/p>\n","protected":false},"excerpt":{"rendered":"<p>Kvalitetno tapetni\u0161ko blago, poreklo Italija, sestava: 57% bomba\u017e, 43% poliester, \u0161irina: 280cm, v razli\u010dnih vzorcih in barvnih odtenkih. Po naro\u010dilu (dobava 7 &#8211; 14 dni). Cena: 90,00 eur\/tm + ddv Vzorci blaga so na voljo v na\u0161i prodajalni.<\/p>\n","protected":false},"featured_media":11713,"template":"","meta":{"_et_pb_use_builder":"","_et_pb_old_content":"","_et_gb_content_width":""},"product_brand":[],"product_cat":[263],"product_tag":[],"class_list":{"0":"post-11712","1":"product","2":"type-product","3":"status-publish","4":"has-post-thumbnail","6":"product_cat-tapetnisko-blago","8":"first","9":"onbackorder","10":"shipping-taxable","11":"purchasable","12":"product-type-simple"},"_links":{"self":[{"href":"https:\/\/antika-lipovec.si\/de\/wp-json\/wp\/v2\/product\/11712","targetHints":{"allow":["GET"]}}],"collection":[{"href":"https:\/\/antika-lipovec.si\/de\/wp-json\/wp\/v2\/product"}],"about":[{"href":"https:\/\/antika-lipovec.si\/de\/wp-json\/wp\/v2\/types\/product"}],"wp:featuredmedia":[{"embeddable":true,"href":"https:\/\/antika-lipovec.si\/de\/wp-json\/wp\/v2\/media\/11713"}],"wp:attachment":[{"href":"https:\/\/antika-lipovec.si\/de\/wp-json\/wp\/v2\/media?parent=11712"}],"wp:term":[{"taxonomy":"product_brand","embeddable":true,"href":"https:\/\/antika-lipovec.si\/de\/wp-json\/wp\/v2\/product_brand?post=11712"},{"taxonomy":"product_cat","embeddable":true,"href":"https:\/\/antika-lipovec.si\/de\/wp-json\/wp\/v2\/product_cat?post=11712"},{"taxonomy":"product_tag","embeddable":true,"href":"https:\/\/antika-lipovec.si\/de\/wp-json\/wp\/v2\/product_tag?post=11712"}],"curies":[{"name":"wp","href":"https:\/\/api.w.org\/{rel}","templated":true}]}}