{"id":11655,"date":"2023-05-17T09:41:54","date_gmt":"2023-05-17T09:41:54","guid":{"rendered":"https:\/\/antika-lipovec.si\/trgovina\/unkategorisiert\/karel-zelenko-waschen-oel-auf-leinwand\/"},"modified":"2023-05-17T09:41:54","modified_gmt":"2023-05-17T09:41:54","slug":"karel-zelenko-waschen-oel-auf-leinwand","status":"publish","type":"product","link":"https:\/\/antika-lipovec.si\/de\/trgovina\/kunstwerke\/kunstwerke-slowenische-kuenstler\/karel-zelenko-waschen-oel-auf-leinwand\/","title":{"rendered":"Karel Zelenko: \u201eWaschen\u201c, \u00d6l auf Leinwand"},"content":{"rendered":"<p>Karel Zelenko (1925 -): \u201eWaschen\u201c, \u00d6l auf Leinwand, l. 1993, signiert und datiert, Ma\u00dfe: 32 x 31,5 cm, gerahmt (Ma\u00dfe: 46,5 x 45,5 cm).<\/p>\n","protected":false},"excerpt":{"rendered":"<p>Karel Zelenko (1925 -): \u201eWaschen\u201c, \u00d6l auf Leinwand, l. 1993, signiert und datiert, Ma\u00dfe: 32 x 31,5 cm, gerahmt (Ma\u00dfe: 46,5 x 45,5 cm).<\/p>\n","protected":false},"featured_media":11650,"template":"","meta":{"_et_pb_use_builder":"","_et_pb_old_content":"","_et_gb_content_width":""},"product_brand":[],"product_cat":[90],"product_tag":[],"class_list":{"0":"post-11655","1":"product","2":"type-product","3":"status-publish","4":"has-post-thumbnail","6":"product_cat-kunstwerke-slowenische-kuenstler","8":"first","9":"outofstock","10":"shipping-taxable","11":"product-type-simple"},"_links":{"self":[{"href":"https:\/\/antika-lipovec.si\/de\/wp-json\/wp\/v2\/product\/11655","targetHints":{"allow":["GET"]}}],"collection":[{"href":"https:\/\/antika-lipovec.si\/de\/wp-json\/wp\/v2\/product"}],"about":[{"href":"https:\/\/antika-lipovec.si\/de\/wp-json\/wp\/v2\/types\/product"}],"wp:featuredmedia":[{"embeddable":true,"href":"https:\/\/antika-lipovec.si\/de\/wp-json\/wp\/v2\/media\/11650"}],"wp:attachment":[{"href":"https:\/\/antika-lipovec.si\/de\/wp-json\/wp\/v2\/media?parent=11655"}],"wp:term":[{"taxonomy":"product_brand","embeddable":true,"href":"https:\/\/antika-lipovec.si\/de\/wp-json\/wp\/v2\/product_brand?post=11655"},{"taxonomy":"product_cat","embeddable":true,"href":"https:\/\/antika-lipovec.si\/de\/wp-json\/wp\/v2\/product_cat?post=11655"},{"taxonomy":"product_tag","embeddable":true,"href":"https:\/\/antika-lipovec.si\/de\/wp-json\/wp\/v2\/product_tag?post=11655"}],"curies":[{"name":"wp","href":"https:\/\/api.w.org\/{rel}","templated":true}]}}